{"id":72689,"date":"2025-10-03T21:08:29","date_gmt":"2025-10-03T21:08:29","guid":{"rendered":"https:\/\/artevivoglobal.sprenderstudio.com\/?post_type=product&#038;p=72689"},"modified":"2025-10-16T17:54:42","modified_gmt":"2025-10-16T17:54:42","slug":"bitacora-de-la-impermanencia","status":"publish","type":"product","link":"https:\/\/artevivoglobal.com\/en\/product\/bitacora-de-la-impermanencia\/","title":{"rendered":"Bit\u00e1cora de la impermanencia"},"content":{"rendered":"<p class=\"p1\">Con un fr\u00e1gil bote de vidrio he de cursar por el imposible laberinto. A veces, ante el nost\u00e1lgico ocaso de la vida, envidioso de las alas de mis compa\u00f1eros, me rindo y pienso: &#8220;ojal\u00e1 pudiera yo volar&#8221; Tantos a\u00f1os, tantos intentos. Despu\u00e9s cierro los ojos, por fin me gana el sue\u00f1o, el m\u00e1s profundo de todos, y en ese instante descubro que en realidad s\u00ed puedo. Aquellas alas son m\u00edas tambi\u00e9n. Cada pluma, cada aleteo. Y es que yo no soy \u00fanicamente esa figura misteriosa que se esconde entre sus negras ropas; yo soy el ef\u00edmero barco, y tambi\u00e9n el agua que le da sustento; yo soy la dura e inexpugnable pared que rige el destino, pero igual soy el cielo eterno. Yo soy el laberinto.<\/p>\n<p class=\"p1\"><strong>T\u00e9cnica:<\/strong> Gicl\u00e9e Fine Art Print on paper\/cotton canvas<\/p>\n<p class=\"p1\"><em>Tama\u00f1o papel: 50 x 60 cm<\/em><\/p>\n<p class=\"p1\"><em>Tama\u00f1o lienzo: 80 x 100 cm<\/em><\/p>\n<p class=\"p1\"><strong>A\u00f1o:<\/strong> <em>2025<\/em><\/p>\n<p class=\"p1\"><strong>Edici\u00f3n limitada:<\/strong> <em>33 impresiones en papel y 33 en lienzo<\/em><\/p>\n<p class=\"p1\">","protected":false},"excerpt":{"rendered":"<p>Con un fr\u00e1gil bote de vidrio he de cursar por el imposible laberinto. A veces, ante el nost\u00e1lgico ocaso de la vida, envidioso de las alas de mis compa\u00f1eros, me rindo y pienso: &#8220;ojal\u00e1 pudiera yo volar&#8221; Tantos a\u00f1os, tantos intentos. Despu\u00e9s cierro los ojos, por fin me gana el sue\u00f1o, el m\u00e1s profundo de [&hellip;]<\/p>","protected":false},"featured_media":72664,"comment_status":"open","ping_status":"closed","template":"","meta":{"_et_pb_use_builder":"","_et_pb_old_content":"","_et_gb_content_width":""},"product_brand":[],"product_cat":[73,75],"product_tag":[],"class_list":{"0":"post-72689","1":"product","2":"type-product","3":"status-publish","4":"has-post-thumbnail","6":"product_cat-arte","7":"product_cat-giclee","9":"first","10":"instock","11":"shipping-taxable","12":"purchasable","13":"product-type-variable"},"_links":{"self":[{"href":"https:\/\/artevivoglobal.com\/en\/wp-json\/wp\/v2\/product\/72689","targetHints":{"allow":["GET"]}}],"collection":[{"href":"https:\/\/artevivoglobal.com\/en\/wp-json\/wp\/v2\/product"}],"about":[{"href":"https:\/\/artevivoglobal.com\/en\/wp-json\/wp\/v2\/types\/product"}],"replies":[{"embeddable":true,"href":"https:\/\/artevivoglobal.com\/en\/wp-json\/wp\/v2\/comments?post=72689"}],"wp:featuredmedia":[{"embeddable":true,"href":"https:\/\/artevivoglobal.com\/en\/wp-json\/wp\/v2\/media\/72664"}],"wp:attachment":[{"href":"https:\/\/artevivoglobal.com\/en\/wp-json\/wp\/v2\/media?parent=72689"}],"wp:term":[{"taxonomy":"product_brand","embeddable":true,"href":"https:\/\/artevivoglobal.com\/en\/wp-json\/wp\/v2\/product_brand?post=72689"},{"taxonomy":"product_cat","embeddable":true,"href":"https:\/\/artevivoglobal.com\/en\/wp-json\/wp\/v2\/product_cat?post=72689"},{"taxonomy":"product_tag","embeddable":true,"href":"https:\/\/artevivoglobal.com\/en\/wp-json\/wp\/v2\/product_tag?post=72689"}],"curies":[{"name":"wp","href":"https:\/\/api.w.org\/{rel}","templated":true}]}}