{"id":72685,"date":"2025-10-03T20:59:38","date_gmt":"2025-10-03T20:59:38","guid":{"rendered":"https:\/\/artevivoglobal.sprenderstudio.com\/?post_type=product&#038;p=72685"},"modified":"2025-10-03T20:59:38","modified_gmt":"2025-10-03T20:59:38","slug":"desde-antes-de-nacer","status":"publish","type":"product","link":"https:\/\/artevivoglobal.com\/en\/product\/desde-antes-de-nacer\/","title":{"rendered":"Desde antes de nacer"},"content":{"rendered":"<p class=\"p1\">Los ni\u00f1os habitan mis lienzos porque son espejos del alma humana en su estado m\u00e1s puro. No retrato la infancia como una fase biol\u00f3gica, sino como un territorio simb\u00f3lico: aquel donde lo eterno y lo ef\u00edmero se funden. En sus rostros y gestos, busco capturar la esencia de lo que nos define como especie, la inocencia como met\u00e1fora de un mundo previo a la herida, la ilusi\u00f3n como acto de fe, y la fragilidad como recordatorio de que todo se desvanece<\/p>\n<p class=\"p1\"><strong>T\u00e9cnica:<\/strong><em> Gicl\u00e9e Fine Art Print on paper\/cotton canvas<\/em><\/p>\n<p class=\"p1\"><em>Tama\u00f1o papel: 87.5 x 50 cm<\/em><\/p>\n<p class=\"p1\"><em>Tama\u00f1o lienzo: 80 x 140 cm<\/em><\/p>\n<p class=\"p1\"><strong>A\u00f1o:<\/strong><em> 2025<\/em><\/p>\n<p class=\"p1\"><strong>Edici\u00f3n limitada:<\/strong> <em>33 impresiones en papel y 33 en lienzo<\/em><\/p>","protected":false},"excerpt":{"rendered":"<p>Los ni\u00f1os habitan mis lienzos porque son espejos del alma humana en su estado m\u00e1s puro. No retrato la infancia como una fase biol\u00f3gica, sino como un territorio simb\u00f3lico: aquel donde lo eterno y lo ef\u00edmero se funden. En sus rostros y gestos, busco capturar la esencia de lo que nos define como especie, la [&hellip;]<\/p>","protected":false},"featured_media":72665,"comment_status":"open","ping_status":"closed","template":"","meta":{"_et_pb_use_builder":"","_et_pb_old_content":"","_et_gb_content_width":""},"product_brand":[],"product_cat":[73,75],"product_tag":[],"class_list":{"0":"post-72685","1":"product","2":"type-product","3":"status-publish","4":"has-post-thumbnail","6":"product_cat-arte","7":"product_cat-giclee","9":"first","10":"instock","11":"shipping-taxable","12":"purchasable","13":"product-type-variable"},"_links":{"self":[{"href":"https:\/\/artevivoglobal.com\/en\/wp-json\/wp\/v2\/product\/72685","targetHints":{"allow":["GET"]}}],"collection":[{"href":"https:\/\/artevivoglobal.com\/en\/wp-json\/wp\/v2\/product"}],"about":[{"href":"https:\/\/artevivoglobal.com\/en\/wp-json\/wp\/v2\/types\/product"}],"replies":[{"embeddable":true,"href":"https:\/\/artevivoglobal.com\/en\/wp-json\/wp\/v2\/comments?post=72685"}],"wp:featuredmedia":[{"embeddable":true,"href":"https:\/\/artevivoglobal.com\/en\/wp-json\/wp\/v2\/media\/72665"}],"wp:attachment":[{"href":"https:\/\/artevivoglobal.com\/en\/wp-json\/wp\/v2\/media?parent=72685"}],"wp:term":[{"taxonomy":"product_brand","embeddable":true,"href":"https:\/\/artevivoglobal.com\/en\/wp-json\/wp\/v2\/product_brand?post=72685"},{"taxonomy":"product_cat","embeddable":true,"href":"https:\/\/artevivoglobal.com\/en\/wp-json\/wp\/v2\/product_cat?post=72685"},{"taxonomy":"product_tag","embeddable":true,"href":"https:\/\/artevivoglobal.com\/en\/wp-json\/wp\/v2\/product_tag?post=72685"}],"curies":[{"name":"wp","href":"https:\/\/api.w.org\/{rel}","templated":true}]}}