{"id":72681,"date":"2025-10-03T20:52:46","date_gmt":"2025-10-03T20:52:46","guid":{"rendered":"https:\/\/artevivoglobal.sprenderstudio.com\/?post_type=product&#038;p=72681"},"modified":"2025-10-03T20:52:46","modified_gmt":"2025-10-03T20:52:46","slug":"los-ultimos-instantes-de-la-inmortalidad","status":"publish","type":"product","link":"https:\/\/artevivoglobal.com\/en\/product\/los-ultimos-instantes-de-la-inmortalidad\/","title":{"rendered":"Los \u00faltimos instantes de la inmortalidad"},"content":{"rendered":"<p class=\"p1\">Yo no s\u00e9 qu\u00e9 es la inmortalidad. Ignoro si existe o no o cu\u00e1les ser\u00edan sus reglas. No s\u00e9 si nuestra alma trasciende al cuerpo y se lleva consigo todas nuestras memorias y an\u00e9cdotas, o si nuestra individualidad se diluye en un absoluto que lo contiene todo en todo el espacio y todo el tiempo. Quiz\u00e1 es un final abrupto y definitivo, o un cambio tan profundo que no podamos imaginar ni nombrar.<\/p>\n<p class=\"p1\"><strong>T\u00e9cnica<\/strong>: <em>Gicl\u00e9e Fine Art Print on paper\/cotton canvas<\/em><\/p>\n<p class=\"p1\"><em>Tama\u00f1o papel: 50 x 50 cm<\/em><\/p>\n<p class=\"p1\"><em>Tama\u00f1o lienzo: 100 x 100 cm<\/em><\/p>\n<p class=\"p1\"><strong>A\u00f1o:<\/strong> <em>2025<\/em><\/p>\n<p class=\"p1\"><strong>Edici\u00f3n limitada:<\/strong> <em>33 impresiones en papel y 33 en lienzo<\/em><\/p>","protected":false},"excerpt":{"rendered":"<p>Yo no s\u00e9 qu\u00e9 es la inmortalidad. Ignoro si existe o no o cu\u00e1les ser\u00edan sus reglas. No s\u00e9 si nuestra alma trasciende al cuerpo y se lleva consigo todas nuestras memorias y an\u00e9cdotas, o si nuestra individualidad se diluye en un absoluto que lo contiene todo en todo el espacio y todo el tiempo. [&hellip;]<\/p>","protected":false},"featured_media":72667,"comment_status":"open","ping_status":"closed","template":"","meta":{"_et_pb_use_builder":"","_et_pb_old_content":"","_et_gb_content_width":""},"product_brand":[],"product_cat":[73,75],"product_tag":[],"class_list":{"0":"post-72681","1":"product","2":"type-product","3":"status-publish","4":"has-post-thumbnail","6":"product_cat-arte","7":"product_cat-giclee","9":"first","10":"instock","11":"shipping-taxable","12":"purchasable","13":"product-type-variable"},"_links":{"self":[{"href":"https:\/\/artevivoglobal.com\/en\/wp-json\/wp\/v2\/product\/72681","targetHints":{"allow":["GET"]}}],"collection":[{"href":"https:\/\/artevivoglobal.com\/en\/wp-json\/wp\/v2\/product"}],"about":[{"href":"https:\/\/artevivoglobal.com\/en\/wp-json\/wp\/v2\/types\/product"}],"replies":[{"embeddable":true,"href":"https:\/\/artevivoglobal.com\/en\/wp-json\/wp\/v2\/comments?post=72681"}],"wp:featuredmedia":[{"embeddable":true,"href":"https:\/\/artevivoglobal.com\/en\/wp-json\/wp\/v2\/media\/72667"}],"wp:attachment":[{"href":"https:\/\/artevivoglobal.com\/en\/wp-json\/wp\/v2\/media?parent=72681"}],"wp:term":[{"taxonomy":"product_brand","embeddable":true,"href":"https:\/\/artevivoglobal.com\/en\/wp-json\/wp\/v2\/product_brand?post=72681"},{"taxonomy":"product_cat","embeddable":true,"href":"https:\/\/artevivoglobal.com\/en\/wp-json\/wp\/v2\/product_cat?post=72681"},{"taxonomy":"product_tag","embeddable":true,"href":"https:\/\/artevivoglobal.com\/en\/wp-json\/wp\/v2\/product_tag?post=72681"}],"curies":[{"name":"wp","href":"https:\/\/api.w.org\/{rel}","templated":true}]}}