{"id":72658,"date":"2025-10-03T20:40:45","date_gmt":"2025-10-03T20:40:45","guid":{"rendered":"https:\/\/artevivoglobal.sprenderstudio.com\/?post_type=product&#038;p=72658"},"modified":"2025-10-03T20:43:08","modified_gmt":"2025-10-03T20:43:08","slug":"viaje-al-interior","status":"publish","type":"product","link":"https:\/\/artevivoglobal.com\/en\/product\/viaje-al-interior\/","title":{"rendered":"Viaje al Interior"},"content":{"rendered":"<p class=\"p1\">En Viaje al interior, el espectador se sumerge en una escena on\u00edrica que transita entre el realismo m\u00e1gico y el simbolismo psicol\u00f3gico. Una figura femenina central, solemne y enigm\u00e1tica, sostiene un libro abierto<\/p>\n<p class=\"p1\">que funciona como umbral narrativo: de sus p\u00e1ginas emergen formas na\u00efves ?nubes, peces, llamas?, evocando el lenguaje de los sue\u00f1os, la infancia y la imaginaci\u00f3n primigenia. La joven, vestida de negro y enmarcada por un tocado barroco que remite tanto a la corona como al \u00fatero, parece encarnar a la narradora y a la protagonista de su propio relato interior.<\/p>\n<\/p>\n<p class=\"p1\"><strong>T\u00e9cnica:<\/strong> <em>Gicl\u00e9e Fine Art Print on paper\/cotton canvas<\/em><\/p>\n<p class=\"p1\"><em>Tama\u00f1o papel: 50 x 60 cm<\/em><\/p>\n<p class=\"p1\"><em>Tama\u00f1o lienzo: 80 x 100 cm<\/em><\/p>\n<p class=\"p1\"><strong>A\u00f1o:<\/strong><em> 2025<\/em><\/p>\n<p class=\"p1\"><strong>Edici\u00f3n limitada:<\/strong> <em>33 impresiones en papel y 33 en lienz<\/em><\/p>","protected":false},"excerpt":{"rendered":"<p>En Viaje al interior, el espectador se sumerge en una escena on\u00edrica que transita entre el realismo m\u00e1gico y el simbolismo psicol\u00f3gico. Una figura femenina central, solemne y enigm\u00e1tica, sostiene un libro abierto que funciona como umbral narrativo: de sus p\u00e1ginas emergen formas na\u00efves ?nubes, peces, llamas?, evocando el lenguaje de los sue\u00f1os, la infancia [&hellip;]<\/p>","protected":false},"featured_media":72668,"comment_status":"open","ping_status":"closed","template":"","meta":{"_et_pb_use_builder":"","_et_pb_old_content":"","_et_gb_content_width":""},"product_brand":[],"product_cat":[73,75],"product_tag":[],"class_list":{"0":"post-72658","1":"product","2":"type-product","3":"status-publish","4":"has-post-thumbnail","6":"product_cat-arte","7":"product_cat-giclee","9":"first","10":"instock","11":"shipping-taxable","12":"purchasable","13":"product-type-variable"},"_links":{"self":[{"href":"https:\/\/artevivoglobal.com\/en\/wp-json\/wp\/v2\/product\/72658","targetHints":{"allow":["GET"]}}],"collection":[{"href":"https:\/\/artevivoglobal.com\/en\/wp-json\/wp\/v2\/product"}],"about":[{"href":"https:\/\/artevivoglobal.com\/en\/wp-json\/wp\/v2\/types\/product"}],"replies":[{"embeddable":true,"href":"https:\/\/artevivoglobal.com\/en\/wp-json\/wp\/v2\/comments?post=72658"}],"wp:featuredmedia":[{"embeddable":true,"href":"https:\/\/artevivoglobal.com\/en\/wp-json\/wp\/v2\/media\/72668"}],"wp:attachment":[{"href":"https:\/\/artevivoglobal.com\/en\/wp-json\/wp\/v2\/media?parent=72658"}],"wp:term":[{"taxonomy":"product_brand","embeddable":true,"href":"https:\/\/artevivoglobal.com\/en\/wp-json\/wp\/v2\/product_brand?post=72658"},{"taxonomy":"product_cat","embeddable":true,"href":"https:\/\/artevivoglobal.com\/en\/wp-json\/wp\/v2\/product_cat?post=72658"},{"taxonomy":"product_tag","embeddable":true,"href":"https:\/\/artevivoglobal.com\/en\/wp-json\/wp\/v2\/product_tag?post=72658"}],"curies":[{"name":"wp","href":"https:\/\/api.w.org\/{rel}","templated":true}]}}