{"id":72534,"date":"2025-09-25T23:08:34","date_gmt":"2025-09-25T23:08:34","guid":{"rendered":"https:\/\/artevivoglobal.sprenderstudio.com\/?post_type=product&#038;p=72534"},"modified":"2025-10-03T19:45:08","modified_gmt":"2025-10-03T19:45:08","slug":"gato-negro","status":"publish","type":"product","link":"https:\/\/artevivoglobal.com\/en\/product\/gato-negro\/","title":{"rendered":"Gato negro"},"content":{"rendered":"<p>Artista: Mauricio Russo Camhi<\/p>\n<p>Fecha: Septiembre 2022<\/p>\n<p>Materiales: L\u00e1minas y alambre de acero galvanizado, remaches de aluminio, pintura anti \u00f3xido.<\/p>\n<p>Tama\u00f1o: alto 40cm x ancho 45cm.<\/p>\n<p>Color: Base negra y c\u00edrculos rojos, azul, amarillo y blanco.<\/p>\n<p>Si quieres apartar cualquier obra, comun\u00edcate con las personas de artevivo. La obra estar\u00e1 apartada para ti por 73 hs. Si no se cumple con la adquisici\u00f3n de la obra Artevivo se reservar\u00e1 el 50% del dep\u00f3sito.<\/p>","protected":false},"excerpt":{"rendered":"<p>Mauricio Russo Camhi. &#8220;Gato negro&#8221;.\u00a02022.<\/p>\n<p>L\u00e1minas y alambre de acero galvanizado, remaches de aluminio, pintura anti \u00f3xido.<\/p>\n<p>alto 40cm x ancho 45cm.<\/p>\n<p>&nbsp;<\/p>\n<p>Si quieres apartar cualquier obra, comun\u00edcate con las personas de artevivo. La obra estar\u00e1 apartada para ti por 73 hs. Si no se cumple con la adquisici\u00f3n de la obra Artevivo se reservar\u00e1 el 50% del dep\u00f3sito.<\/p>\n<p>&nbsp;<\/p>","protected":false},"featured_media":71864,"comment_status":"open","ping_status":"closed","template":"","meta":{"_et_pb_use_builder":"","_et_pb_old_content":"","_et_gb_content_width":""},"product_brand":[],"product_cat":[73,76],"product_tag":[],"class_list":{"0":"post-72534","1":"product","2":"type-product","3":"status-publish","4":"has-post-thumbnail","6":"product_cat-arte","7":"product_cat-obras","9":"first","10":"instock","11":"shipping-taxable","12":"product-type-simple"},"_links":{"self":[{"href":"https:\/\/artevivoglobal.com\/en\/wp-json\/wp\/v2\/product\/72534","targetHints":{"allow":["GET"]}}],"collection":[{"href":"https:\/\/artevivoglobal.com\/en\/wp-json\/wp\/v2\/product"}],"about":[{"href":"https:\/\/artevivoglobal.com\/en\/wp-json\/wp\/v2\/types\/product"}],"replies":[{"embeddable":true,"href":"https:\/\/artevivoglobal.com\/en\/wp-json\/wp\/v2\/comments?post=72534"}],"wp:featuredmedia":[{"embeddable":true,"href":"https:\/\/artevivoglobal.com\/en\/wp-json\/wp\/v2\/media\/71864"}],"wp:attachment":[{"href":"https:\/\/artevivoglobal.com\/en\/wp-json\/wp\/v2\/media?parent=72534"}],"wp:term":[{"taxonomy":"product_brand","embeddable":true,"href":"https:\/\/artevivoglobal.com\/en\/wp-json\/wp\/v2\/product_brand?post=72534"},{"taxonomy":"product_cat","embeddable":true,"href":"https:\/\/artevivoglobal.com\/en\/wp-json\/wp\/v2\/product_cat?post=72534"},{"taxonomy":"product_tag","embeddable":true,"href":"https:\/\/artevivoglobal.com\/en\/wp-json\/wp\/v2\/product_tag?post=72534"}],"curies":[{"name":"wp","href":"https:\/\/api.w.org\/{rel}","templated":true}]}}