{"id":72532,"date":"2025-09-25T23:08:33","date_gmt":"2025-09-25T23:08:33","guid":{"rendered":"https:\/\/artevivoglobal.sprenderstudio.com\/?post_type=product&#038;p=72532"},"modified":"2025-10-03T19:46:18","modified_gmt":"2025-10-03T19:46:18","slug":"generaciones","status":"publish","type":"product","link":"https:\/\/artevivoglobal.com\/en\/product\/generaciones\/","title":{"rendered":"Generaciones"},"content":{"rendered":"<p><span style=\"font-size: 16px;\">Artista: Mauricio Russo Camhi<\/span><br \/>\nMateriales: L\u00e1minas y alambre de acero galvanizado, remaches de aluminio, pintura electrost\u00e1tica.<\/p>\n<p>Color: Azul, naranjo y blanco<br \/>\nMedidas: Alto 35cm x Ancho 40cm<\/p>\n<p>Si quieres apartar cualquier obra, comun\u00edcate con las personas de artevivo. La obra estar\u00e1 apartada para ti por 73 hs. Si no se cumple con la adquisici\u00f3n de la obra Artevivo se reservar\u00e1 el 50% del dep\u00f3sito.<\/p>","protected":false},"excerpt":{"rendered":"<p><span style=\"font-size: 16px;\">Mauricio Russo Camhi, &#8220;Generaciones&#8221;.<\/span><br \/>\nL\u00e1minas y alambre de acero galvanizado, remaches de aluminio, pintura electrost\u00e1tica. Azul, naranjo y blanco.<br \/>\nAlto 35cm x Ancho 40cm<\/p>\n<p>&nbsp;<\/p>\n<p><span style=\"font-size: 16px;\"><span style=\"font-size: 16px; font-style: normal; font-weight: 400;\">Si quieres apartar cualquier obra, comun\u00edcate con las personas de artevivo. La obra estar\u00e1 apartada para ti por 73 hs. Si no se cumple con la adquisici\u00f3n de la obra Artevivo se reservar\u00e1 el 50% del dep\u00f3sito.<\/span><\/span><\/p>","protected":false},"featured_media":71865,"comment_status":"open","ping_status":"closed","template":"","meta":{"_et_pb_use_builder":"","_et_pb_old_content":"","_et_gb_content_width":""},"product_brand":[],"product_cat":[73,76],"product_tag":[],"class_list":{"0":"post-72532","1":"product","2":"type-product","3":"status-publish","4":"has-post-thumbnail","6":"product_cat-arte","7":"product_cat-obras","9":"first","10":"instock","11":"shipping-taxable","12":"product-type-simple"},"_links":{"self":[{"href":"https:\/\/artevivoglobal.com\/en\/wp-json\/wp\/v2\/product\/72532","targetHints":{"allow":["GET"]}}],"collection":[{"href":"https:\/\/artevivoglobal.com\/en\/wp-json\/wp\/v2\/product"}],"about":[{"href":"https:\/\/artevivoglobal.com\/en\/wp-json\/wp\/v2\/types\/product"}],"replies":[{"embeddable":true,"href":"https:\/\/artevivoglobal.com\/en\/wp-json\/wp\/v2\/comments?post=72532"}],"wp:featuredmedia":[{"embeddable":true,"href":"https:\/\/artevivoglobal.com\/en\/wp-json\/wp\/v2\/media\/71865"}],"wp:attachment":[{"href":"https:\/\/artevivoglobal.com\/en\/wp-json\/wp\/v2\/media?parent=72532"}],"wp:term":[{"taxonomy":"product_brand","embeddable":true,"href":"https:\/\/artevivoglobal.com\/en\/wp-json\/wp\/v2\/product_brand?post=72532"},{"taxonomy":"product_cat","embeddable":true,"href":"https:\/\/artevivoglobal.com\/en\/wp-json\/wp\/v2\/product_cat?post=72532"},{"taxonomy":"product_tag","embeddable":true,"href":"https:\/\/artevivoglobal.com\/en\/wp-json\/wp\/v2\/product_tag?post=72532"}],"curies":[{"name":"wp","href":"https:\/\/api.w.org\/{rel}","templated":true}]}}