{"id":72530,"date":"2025-09-25T23:08:33","date_gmt":"2025-09-25T23:08:33","guid":{"rendered":"https:\/\/artevivoglobal.sprenderstudio.com\/?post_type=product&#038;p=72530"},"modified":"2025-10-06T16:42:33","modified_gmt":"2025-10-06T16:42:33","slug":"nn-dance","status":"publish","type":"product","link":"https:\/\/artevivoglobal.com\/en\/product\/nn-dance\/","title":{"rendered":"N&#038;N Dance"},"content":{"rendered":"<p>Artista: Natasha Onufrieva<\/p>\n<p>T\u00e9cnica: Acr\u00edlico y \u00f3leo sobre tela<\/p>\n<p>Medidas: 130 x 97 cms<\/p>\n<p>Si quieres apartar cualquier obra, comun\u00edcate con las personas de artevivo. La obra estar\u00e1 apartada para ti por 73 hs. Si no se cumple con la adquisici\u00f3n de la obra Artevivo se reservar\u00e1 el 50% del dep\u00f3sito.<\/p>","protected":false},"excerpt":{"rendered":"<p>Natasha Onufrieva, &#8220;N&amp;N Dance&#8221;.<\/p>\n<p>Acr\u00edlico y \u00f3leo sobre tela<\/p>\n<p>130 x 97 cm<\/p>\n<p>&nbsp;<\/p>\n<p><span style=\"font-size: 16px; font-style: normal; font-weight: 400;\">Si quieres apartar cualquier obra, comun\u00edcate con las personas de artevivo. La obra estar\u00e1 apartada para ti por 73 hs. Si no se cumple con la adquisici\u00f3n de la obra Artevivo se reservar\u00e1 el 50% del dep\u00f3sito.<\/span><\/p>","protected":false},"featured_media":71957,"comment_status":"open","ping_status":"closed","template":"","meta":{"_et_pb_use_builder":"","_et_pb_old_content":"","_et_gb_content_width":""},"product_brand":[],"product_cat":[73,82,76],"product_tag":[],"class_list":{"0":"post-72530","1":"product","2":"type-product","3":"status-publish","4":"has-post-thumbnail","6":"product_cat-arte","7":"product_cat-natasha-onufrieva","8":"product_cat-obras","10":"first","11":"instock","12":"shipping-taxable","13":"product-type-simple"},"_links":{"self":[{"href":"https:\/\/artevivoglobal.com\/en\/wp-json\/wp\/v2\/product\/72530","targetHints":{"allow":["GET"]}}],"collection":[{"href":"https:\/\/artevivoglobal.com\/en\/wp-json\/wp\/v2\/product"}],"about":[{"href":"https:\/\/artevivoglobal.com\/en\/wp-json\/wp\/v2\/types\/product"}],"replies":[{"embeddable":true,"href":"https:\/\/artevivoglobal.com\/en\/wp-json\/wp\/v2\/comments?post=72530"}],"wp:featuredmedia":[{"embeddable":true,"href":"https:\/\/artevivoglobal.com\/en\/wp-json\/wp\/v2\/media\/71957"}],"wp:attachment":[{"href":"https:\/\/artevivoglobal.com\/en\/wp-json\/wp\/v2\/media?parent=72530"}],"wp:term":[{"taxonomy":"product_brand","embeddable":true,"href":"https:\/\/artevivoglobal.com\/en\/wp-json\/wp\/v2\/product_brand?post=72530"},{"taxonomy":"product_cat","embeddable":true,"href":"https:\/\/artevivoglobal.com\/en\/wp-json\/wp\/v2\/product_cat?post=72530"},{"taxonomy":"product_tag","embeddable":true,"href":"https:\/\/artevivoglobal.com\/en\/wp-json\/wp\/v2\/product_tag?post=72530"}],"curies":[{"name":"wp","href":"https:\/\/api.w.org\/{rel}","templated":true}]}}