{"id":72527,"date":"2025-09-25T23:08:32","date_gmt":"2025-09-25T23:08:32","guid":{"rendered":"https:\/\/artevivoglobal.sprenderstudio.com\/?post_type=product&#038;p=72527"},"modified":"2025-10-03T20:07:06","modified_gmt":"2025-10-03T20:07:06","slug":"new-boat-in-new-york","status":"publish","type":"product","link":"https:\/\/artevivoglobal.com\/en\/product\/new-boat-in-new-york\/","title":{"rendered":"New boat in New York"},"content":{"rendered":"<p>Artista: Lalo S\u00e1nchez del Valle<\/p>\n<p>T\u00e9cnica: Acr\u00edlico sobre tela<\/p>\n<p>Medidas: <span style=\"font-size: 16px; font-style: normal; font-weight: 400;\">100 x 90 cms<\/span><\/p>\n<p>The American Euro trip collection<\/p>\n<p>Si quieres apartar cualquier obra, comun\u00edcate con las personas de artevivo. La obra estar\u00e1 apartada para ti por 73 hs. Si no se cumple con la adquisici\u00f3n de la obra Artevivo se reservar\u00e1 el 50% del dep\u00f3sito.<\/p>","protected":false},"excerpt":{"rendered":"<p>Lalo S\u00e1nchez del Valle, &#8220;New boat in New York&#8221;, The American Euro trip collection<\/p>\n<p>Acr\u00edlico sobre tela<\/p>\n<p><span style=\"font-size: 16px; font-style: normal; font-weight: 400;\">100 x 90 cm<\/span><\/p>\n<p>&nbsp;<\/p>\n<p>Si quieres apartar cualquier obra, comun\u00edcate con las personas de artevivo. La obra estar\u00e1 apartada para ti por 73 hs. Si no se cumple con la adquisici\u00f3n de la obra Artevivo se reservar\u00e1 el 50% del dep\u00f3sito.<\/p>","protected":false},"featured_media":71955,"comment_status":"open","ping_status":"closed","template":"","meta":{"_et_pb_use_builder":"","_et_pb_old_content":"","_et_gb_content_width":""},"product_brand":[],"product_cat":[73,76],"product_tag":[67],"class_list":{"0":"post-72527","1":"product","2":"type-product","3":"status-publish","4":"has-post-thumbnail","6":"product_cat-arte","7":"product_cat-obras","8":"product_tag-lalo-sanchez-del-valle","10":"first","11":"instock","12":"shipping-taxable","13":"product-type-simple"},"_links":{"self":[{"href":"https:\/\/artevivoglobal.com\/en\/wp-json\/wp\/v2\/product\/72527","targetHints":{"allow":["GET"]}}],"collection":[{"href":"https:\/\/artevivoglobal.com\/en\/wp-json\/wp\/v2\/product"}],"about":[{"href":"https:\/\/artevivoglobal.com\/en\/wp-json\/wp\/v2\/types\/product"}],"replies":[{"embeddable":true,"href":"https:\/\/artevivoglobal.com\/en\/wp-json\/wp\/v2\/comments?post=72527"}],"wp:featuredmedia":[{"embeddable":true,"href":"https:\/\/artevivoglobal.com\/en\/wp-json\/wp\/v2\/media\/71955"}],"wp:attachment":[{"href":"https:\/\/artevivoglobal.com\/en\/wp-json\/wp\/v2\/media?parent=72527"}],"wp:term":[{"taxonomy":"product_brand","embeddable":true,"href":"https:\/\/artevivoglobal.com\/en\/wp-json\/wp\/v2\/product_brand?post=72527"},{"taxonomy":"product_cat","embeddable":true,"href":"https:\/\/artevivoglobal.com\/en\/wp-json\/wp\/v2\/product_cat?post=72527"},{"taxonomy":"product_tag","embeddable":true,"href":"https:\/\/artevivoglobal.com\/en\/wp-json\/wp\/v2\/product_tag?post=72527"}],"curies":[{"name":"wp","href":"https:\/\/api.w.org\/{rel}","templated":true}]}}