{"id":72516,"date":"2025-09-25T23:08:15","date_gmt":"2025-09-25T23:08:15","guid":{"rendered":"https:\/\/artevivoglobal.sprenderstudio.com\/?post_type=product&#038;p=72516"},"modified":"2025-10-03T20:06:53","modified_gmt":"2025-10-03T20:06:53","slug":"el-agua-que-sale-de-la-tierra","status":"publish","type":"product","link":"https:\/\/artevivoglobal.com\/en\/product\/el-agua-que-sale-de-la-tierra\/","title":{"rendered":"El agua que sale de la tierra"},"content":{"rendered":"<p>Artista: Susana Portillo<\/p>\n<p>T\u00e9cnica: Fotograf\u00eda<\/p>\n<p>Medidas: 8 x 10 in<\/p>","protected":false},"excerpt":{"rendered":"<p>Susana Portillo, &#8220;El agua que sale de la tierra&#8221;.<\/p>\n<p>Fotograf\u00eda<\/p>\n<p>8 x 10 in<\/p>\n<p>&nbsp;<\/p>\n<p>Si quieres apartar cualquier obra, comun\u00edcate con las personas de artevivo. La obra estar\u00e1 apartada para ti por 73 hs. Si no se cumple con la adquisici\u00f3n de la obra Artevivo se reservar\u00e1 el 50% del dep\u00f3sito.<\/p>","protected":false},"featured_media":71844,"comment_status":"open","ping_status":"closed","template":"","meta":{"_et_pb_use_builder":"","_et_pb_old_content":"","_et_gb_content_width":""},"product_brand":[],"product_cat":[73,76],"product_tag":[39,40],"class_list":{"0":"post-72516","1":"product","2":"type-product","3":"status-publish","4":"has-post-thumbnail","6":"product_cat-arte","7":"product_cat-obras","8":"product_tag-blue-mind","9":"product_tag-susana-portillo","11":"first","12":"instock","13":"shipping-taxable","14":"product-type-simple"},"_links":{"self":[{"href":"https:\/\/artevivoglobal.com\/en\/wp-json\/wp\/v2\/product\/72516","targetHints":{"allow":["GET"]}}],"collection":[{"href":"https:\/\/artevivoglobal.com\/en\/wp-json\/wp\/v2\/product"}],"about":[{"href":"https:\/\/artevivoglobal.com\/en\/wp-json\/wp\/v2\/types\/product"}],"replies":[{"embeddable":true,"href":"https:\/\/artevivoglobal.com\/en\/wp-json\/wp\/v2\/comments?post=72516"}],"wp:featuredmedia":[{"embeddable":true,"href":"https:\/\/artevivoglobal.com\/en\/wp-json\/wp\/v2\/media\/71844"}],"wp:attachment":[{"href":"https:\/\/artevivoglobal.com\/en\/wp-json\/wp\/v2\/media?parent=72516"}],"wp:term":[{"taxonomy":"product_brand","embeddable":true,"href":"https:\/\/artevivoglobal.com\/en\/wp-json\/wp\/v2\/product_brand?post=72516"},{"taxonomy":"product_cat","embeddable":true,"href":"https:\/\/artevivoglobal.com\/en\/wp-json\/wp\/v2\/product_cat?post=72516"},{"taxonomy":"product_tag","embeddable":true,"href":"https:\/\/artevivoglobal.com\/en\/wp-json\/wp\/v2\/product_tag?post=72516"}],"curies":[{"name":"wp","href":"https:\/\/api.w.org\/{rel}","templated":true}]}}