{"id":72496,"date":"2025-09-25T23:07:56","date_gmt":"2025-09-25T23:07:56","guid":{"rendered":"https:\/\/artevivoglobal.sprenderstudio.com\/?post_type=product&#038;p=72496"},"modified":"2025-10-03T20:11:10","modified_gmt":"2025-10-03T20:11:10","slug":"la-danza-de-hunab-ku-y-chuen","status":"publish","type":"product","link":"https:\/\/artevivoglobal.com\/en\/product\/la-danza-de-hunab-ku-y-chuen\/","title":{"rendered":"La Danza de Hunab Ku y Chuen"},"content":{"rendered":"<p>Artista: Erika Alfiero<\/p>\n<p>T\u00e9cnica: \u00f3leo y acr\u00edlico sobre lienzo<\/p>\n<p>Medidas: 100 x 80 cm<\/p>","protected":false},"excerpt":{"rendered":"<p>Erika Alfiero, &#8220;La Danza de Hunab Ku y Chuen&#8221;.<\/p>\n<p>\u00d2leo y acr\u00edlico sobre lienzo<\/p>\n<p>100 x 80 cm<\/p>\n<p>&nbsp;<\/p>\n<p>Si quieres apartar cualquier obra, comun\u00edcate con las personas de artevivo. La obra estar\u00e1 apartada para ti por 73 hs. Si no se cumple con la adquisici\u00f3n de la obra Artevivo se reservar\u00e1 el 50% del dep\u00f3sito.<\/p>","protected":false},"featured_media":71923,"comment_status":"open","ping_status":"closed","template":"","meta":{"_et_pb_use_builder":"","_et_pb_old_content":"","_et_gb_content_width":""},"product_brand":[],"product_cat":[73,76],"product_tag":[57],"class_list":{"0":"post-72496","1":"product","2":"type-product","3":"status-publish","4":"has-post-thumbnail","6":"product_cat-arte","7":"product_cat-obras","8":"product_tag-erika-alfiero","10":"first","11":"instock","12":"shipping-taxable","13":"product-type-simple"},"_links":{"self":[{"href":"https:\/\/artevivoglobal.com\/en\/wp-json\/wp\/v2\/product\/72496","targetHints":{"allow":["GET"]}}],"collection":[{"href":"https:\/\/artevivoglobal.com\/en\/wp-json\/wp\/v2\/product"}],"about":[{"href":"https:\/\/artevivoglobal.com\/en\/wp-json\/wp\/v2\/types\/product"}],"replies":[{"embeddable":true,"href":"https:\/\/artevivoglobal.com\/en\/wp-json\/wp\/v2\/comments?post=72496"}],"wp:featuredmedia":[{"embeddable":true,"href":"https:\/\/artevivoglobal.com\/en\/wp-json\/wp\/v2\/media\/71923"}],"wp:attachment":[{"href":"https:\/\/artevivoglobal.com\/en\/wp-json\/wp\/v2\/media?parent=72496"}],"wp:term":[{"taxonomy":"product_brand","embeddable":true,"href":"https:\/\/artevivoglobal.com\/en\/wp-json\/wp\/v2\/product_brand?post=72496"},{"taxonomy":"product_cat","embeddable":true,"href":"https:\/\/artevivoglobal.com\/en\/wp-json\/wp\/v2\/product_cat?post=72496"},{"taxonomy":"product_tag","embeddable":true,"href":"https:\/\/artevivoglobal.com\/en\/wp-json\/wp\/v2\/product_tag?post=72496"}],"curies":[{"name":"wp","href":"https:\/\/api.w.org\/{rel}","templated":true}]}}