{"id":72489,"date":"2025-09-25T23:07:55","date_gmt":"2025-09-25T23:07:55","guid":{"rendered":"https:\/\/artevivoglobal.sprenderstudio.com\/?post_type=product&#038;p=72489"},"modified":"2025-10-03T20:11:23","modified_gmt":"2025-10-03T20:11:23","slug":"lo-que-es-arriba-es-abajo","status":"publish","type":"product","link":"https:\/\/artevivoglobal.com\/en\/product\/lo-que-es-arriba-es-abajo\/","title":{"rendered":"Lo que es arriba es abajo"},"content":{"rendered":"<p>Artista: Paloma Torres<\/p>\n<p>T\u00e9cnica: Gobelino en lana<\/p>","protected":false},"excerpt":{"rendered":"<p>Paloma Torres, &#8220;Lo que es arriba es abajo&#8221;.<\/p>\n<p>Gobelino en lana.<\/p>\n<p>&nbsp;<\/p>\n<p>Si quieres apartar cualquier obra, comun\u00edcate con las personas de artevivo. La obra estar\u00e1 apartada para ti por 73 hs. Si no se cumple con la adquisici\u00f3n de la obra Artevivo se reservar\u00e1 el 50% del dep\u00f3sito.<\/p>","protected":false},"featured_media":71931,"comment_status":"open","ping_status":"closed","template":"","meta":{"_et_pb_use_builder":"","_et_pb_old_content":"","_et_gb_content_width":""},"product_brand":[],"product_cat":[73,76],"product_tag":[53],"class_list":{"0":"post-72489","1":"product","2":"type-product","3":"status-publish","4":"has-post-thumbnail","6":"product_cat-arte","7":"product_cat-obras","8":"product_tag-paloma-torres","10":"first","11":"instock","12":"shipping-taxable","13":"product-type-simple"},"_links":{"self":[{"href":"https:\/\/artevivoglobal.com\/en\/wp-json\/wp\/v2\/product\/72489","targetHints":{"allow":["GET"]}}],"collection":[{"href":"https:\/\/artevivoglobal.com\/en\/wp-json\/wp\/v2\/product"}],"about":[{"href":"https:\/\/artevivoglobal.com\/en\/wp-json\/wp\/v2\/types\/product"}],"replies":[{"embeddable":true,"href":"https:\/\/artevivoglobal.com\/en\/wp-json\/wp\/v2\/comments?post=72489"}],"wp:featuredmedia":[{"embeddable":true,"href":"https:\/\/artevivoglobal.com\/en\/wp-json\/wp\/v2\/media\/71931"}],"wp:attachment":[{"href":"https:\/\/artevivoglobal.com\/en\/wp-json\/wp\/v2\/media?parent=72489"}],"wp:term":[{"taxonomy":"product_brand","embeddable":true,"href":"https:\/\/artevivoglobal.com\/en\/wp-json\/wp\/v2\/product_brand?post=72489"},{"taxonomy":"product_cat","embeddable":true,"href":"https:\/\/artevivoglobal.com\/en\/wp-json\/wp\/v2\/product_cat?post=72489"},{"taxonomy":"product_tag","embeddable":true,"href":"https:\/\/artevivoglobal.com\/en\/wp-json\/wp\/v2\/product_tag?post=72489"}],"curies":[{"name":"wp","href":"https:\/\/api.w.org\/{rel}","templated":true}]}}