{"id":72483,"date":"2025-09-25T23:07:54","date_gmt":"2025-09-25T23:07:54","guid":{"rendered":"https:\/\/artevivoglobal.sprenderstudio.com\/?post_type=product&#038;p=72483"},"modified":"2025-10-03T20:11:29","modified_gmt":"2025-10-03T20:11:29","slug":"michael-jackson","status":"publish","type":"product","link":"https:\/\/artevivoglobal.com\/en\/product\/michael-jackson\/","title":{"rendered":"Michael Jackson"},"content":{"rendered":"<p>Artista: Marcela Schmidt<\/p>\n<p>T\u00e9cnica: Acr\u00edlico sobre tela<\/p>\n<p>Medidas: 85 x 140 cm<\/p>","protected":false},"excerpt":{"rendered":"<p>Marcela Schmidt, &#8220;Michael Jackson&#8221;.<\/p>\n<p>Acr\u00edlico sobre tela.<\/p>\n<p>85 x 140 cm<\/p>\n<p>&nbsp;<\/p>\n<p>Si quieres apartar cualquier obra, comun\u00edcate con las personas de artevivo. La obra estar\u00e1 apartada para ti por 73 hs. Si no se cumple con la adquisici\u00f3n de la obra Artevivo se reservar\u00e1 el 50% del dep\u00f3sito.<\/p>","protected":false},"featured_media":71952,"comment_status":"open","ping_status":"closed","template":"","meta":{"_et_pb_use_builder":"","_et_pb_old_content":"","_et_gb_content_width":""},"product_brand":[],"product_cat":[73,76],"product_tag":[49],"class_list":{"0":"post-72483","1":"product","2":"type-product","3":"status-publish","4":"has-post-thumbnail","6":"product_cat-arte","7":"product_cat-obras","8":"product_tag-marcela-schmidt","10":"first","11":"instock","12":"shipping-taxable","13":"product-type-simple"},"_links":{"self":[{"href":"https:\/\/artevivoglobal.com\/en\/wp-json\/wp\/v2\/product\/72483","targetHints":{"allow":["GET"]}}],"collection":[{"href":"https:\/\/artevivoglobal.com\/en\/wp-json\/wp\/v2\/product"}],"about":[{"href":"https:\/\/artevivoglobal.com\/en\/wp-json\/wp\/v2\/types\/product"}],"replies":[{"embeddable":true,"href":"https:\/\/artevivoglobal.com\/en\/wp-json\/wp\/v2\/comments?post=72483"}],"wp:featuredmedia":[{"embeddable":true,"href":"https:\/\/artevivoglobal.com\/en\/wp-json\/wp\/v2\/media\/71952"}],"wp:attachment":[{"href":"https:\/\/artevivoglobal.com\/en\/wp-json\/wp\/v2\/media?parent=72483"}],"wp:term":[{"taxonomy":"product_brand","embeddable":true,"href":"https:\/\/artevivoglobal.com\/en\/wp-json\/wp\/v2\/product_brand?post=72483"},{"taxonomy":"product_cat","embeddable":true,"href":"https:\/\/artevivoglobal.com\/en\/wp-json\/wp\/v2\/product_cat?post=72483"},{"taxonomy":"product_tag","embeddable":true,"href":"https:\/\/artevivoglobal.com\/en\/wp-json\/wp\/v2\/product_tag?post=72483"}],"curies":[{"name":"wp","href":"https:\/\/api.w.org\/{rel}","templated":true}]}}