{"id":72478,"date":"2025-09-25T23:07:53","date_gmt":"2025-09-25T23:07:53","guid":{"rendered":"https:\/\/artevivoglobal.sprenderstudio.com\/?post_type=product&#038;p=72478"},"modified":"2025-10-06T16:38:39","modified_gmt":"2025-10-06T16:38:39","slug":"revoloteos-del-alma","status":"publish","type":"product","link":"https:\/\/artevivoglobal.com\/en\/product\/revoloteos-del-alma\/","title":{"rendered":"Revoloteos del alma"},"content":{"rendered":"<p>Artista: Adry del Roc\u00edo<\/p>\n<p>T\u00e9cnica: Acuarela<\/p>\n<p>Medidas: 74 x 54 cm<\/p>","protected":false},"excerpt":{"rendered":"<p>Adry del Roc\u00edo, &#8220;Revoloteos del alma&#8221;.<\/p>\n<p>Acuarela<\/p>\n<p>74 x 54 cm<\/p>\n<p>&nbsp;<\/p>\n<p>Si quieres apartar cualquier obra, comun\u00edcate con las personas de artevivo. La obra estar\u00e1 apartada para ti por 73 hs. Si no se cumple con la adquisici\u00f3n de la obra Artevivo se reservar\u00e1 el 50% del dep\u00f3sito.<\/p>","protected":false},"featured_media":72163,"comment_status":"open","ping_status":"closed","template":"","meta":{"_et_pb_use_builder":"","_et_pb_old_content":"","_et_gb_content_width":""},"product_brand":[],"product_cat":[81,73,76],"product_tag":[36,37],"class_list":{"0":"post-72478","1":"product","2":"type-product","3":"status-publish","4":"has-post-thumbnail","6":"product_cat-adry-del-rocio","7":"product_cat-arte","8":"product_cat-obras","9":"product_tag-acuarela","10":"product_tag-adry-del-rocio","12":"first","13":"instock","14":"shipping-taxable","15":"product-type-simple"},"_links":{"self":[{"href":"https:\/\/artevivoglobal.com\/en\/wp-json\/wp\/v2\/product\/72478","targetHints":{"allow":["GET"]}}],"collection":[{"href":"https:\/\/artevivoglobal.com\/en\/wp-json\/wp\/v2\/product"}],"about":[{"href":"https:\/\/artevivoglobal.com\/en\/wp-json\/wp\/v2\/types\/product"}],"replies":[{"embeddable":true,"href":"https:\/\/artevivoglobal.com\/en\/wp-json\/wp\/v2\/comments?post=72478"}],"wp:featuredmedia":[{"embeddable":true,"href":"https:\/\/artevivoglobal.com\/en\/wp-json\/wp\/v2\/media\/72163"}],"wp:attachment":[{"href":"https:\/\/artevivoglobal.com\/en\/wp-json\/wp\/v2\/media?parent=72478"}],"wp:term":[{"taxonomy":"product_brand","embeddable":true,"href":"https:\/\/artevivoglobal.com\/en\/wp-json\/wp\/v2\/product_brand?post=72478"},{"taxonomy":"product_cat","embeddable":true,"href":"https:\/\/artevivoglobal.com\/en\/wp-json\/wp\/v2\/product_cat?post=72478"},{"taxonomy":"product_tag","embeddable":true,"href":"https:\/\/artevivoglobal.com\/en\/wp-json\/wp\/v2\/product_tag?post=72478"}],"curies":[{"name":"wp","href":"https:\/\/api.w.org\/{rel}","templated":true}]}}