{"id":72476,"date":"2025-09-25T23:07:53","date_gmt":"2025-09-25T23:07:53","guid":{"rendered":"https:\/\/artevivoglobal.sprenderstudio.com\/?post_type=product&#038;p=72476"},"modified":"2025-10-06T16:40:22","modified_gmt":"2025-10-06T16:40:22","slug":"s-o-s","status":"publish","type":"product","link":"https:\/\/artevivoglobal.com\/en\/product\/s-o-s\/","title":{"rendered":"S.O.S"},"content":{"rendered":"<p>Artista: Natasha Onufrieva<\/p>\n<p>T\u00e9cnica: Acr\u00edlico, \u00f3leo sobre lienzo<\/p>\n<p>Medidas: 81.5 x 60 cm<\/p>","protected":false},"excerpt":{"rendered":"<p>Natasha Onufrieva, &#8220;S.O.S.&#8221;.<\/p>\n<p>Acr\u00edlico y \u00f3leo sobre lienzo<\/p>\n<p>81.5 x 60 cm<\/p>\n<p>&nbsp;<\/p>\n<p>Si quieres apartar cualquier obra, comun\u00edcate con las personas de artevivo. La obra estar\u00e1 apartada para ti por 73 hs. Si no se cumple con la adquisici\u00f3n de la obra Artevivo se reservar\u00e1 el 50% del dep\u00f3sito.<\/p>","protected":false},"featured_media":72175,"comment_status":"open","ping_status":"closed","template":"","meta":{"_et_pb_use_builder":"","_et_pb_old_content":"","_et_gb_content_width":""},"product_brand":[],"product_cat":[73,82,76],"product_tag":[46],"class_list":{"0":"post-72476","1":"product","2":"type-product","3":"status-publish","4":"has-post-thumbnail","6":"product_cat-arte","7":"product_cat-natasha-onufrieva","8":"product_cat-obras","9":"product_tag-natasha-onufrieva","11":"first","12":"instock","13":"shipping-taxable","14":"purchasable","15":"product-type-simple"},"_links":{"self":[{"href":"https:\/\/artevivoglobal.com\/en\/wp-json\/wp\/v2\/product\/72476","targetHints":{"allow":["GET"]}}],"collection":[{"href":"https:\/\/artevivoglobal.com\/en\/wp-json\/wp\/v2\/product"}],"about":[{"href":"https:\/\/artevivoglobal.com\/en\/wp-json\/wp\/v2\/types\/product"}],"replies":[{"embeddable":true,"href":"https:\/\/artevivoglobal.com\/en\/wp-json\/wp\/v2\/comments?post=72476"}],"wp:featuredmedia":[{"embeddable":true,"href":"https:\/\/artevivoglobal.com\/en\/wp-json\/wp\/v2\/media\/72175"}],"wp:attachment":[{"href":"https:\/\/artevivoglobal.com\/en\/wp-json\/wp\/v2\/media?parent=72476"}],"wp:term":[{"taxonomy":"product_brand","embeddable":true,"href":"https:\/\/artevivoglobal.com\/en\/wp-json\/wp\/v2\/product_brand?post=72476"},{"taxonomy":"product_cat","embeddable":true,"href":"https:\/\/artevivoglobal.com\/en\/wp-json\/wp\/v2\/product_cat?post=72476"},{"taxonomy":"product_tag","embeddable":true,"href":"https:\/\/artevivoglobal.com\/en\/wp-json\/wp\/v2\/product_tag?post=72476"}],"curies":[{"name":"wp","href":"https:\/\/api.w.org\/{rel}","templated":true}]}}