{"id":72868,"date":"2025-10-06T16:06:37","date_gmt":"2025-10-06T16:06:37","guid":{"rendered":"https:\/\/artevivoglobal.sprenderstudio.com\/?page_id=72868"},"modified":"2025-10-06T17:03:29","modified_gmt":"2025-10-06T17:03:29","slug":"souren-mousavi-2","status":"publish","type":"page","link":"https:\/\/artevivoglobal.com\/en\/souren-mousavi-2\/","title":{"rendered":"Souren Mousavi"},"content":{"rendered":"<p>[et_pb_section fb_built=&#8221;1&#8243; _builder_version=&#8221;4.27.4&#8243; _module_preset=&#8221;default&#8221; background_color=&#8221;rgba(2,15,63,0.41)&#8221; background_image=&#8221;https:\/\/artevivoglobal.com\/wp-content\/uploads\/2025\/10\/Humanism.png&#8221; background_blend=&#8221;multiply&#8221; locked=&#8221;off&#8221; global_colors_info=&#8221;{}&#8221;][et_pb_row _builder_version=&#8221;4.27.4&#8243; _module_preset=&#8221;default&#8221; global_colors_info=&#8221;{}&#8221;][et_pb_column type=&#8221;4_4&#8243; _builder_version=&#8221;4.27.4&#8243; _module_preset=&#8221;default&#8221; global_colors_info=&#8221;{}&#8221;][et_pb_text _builder_version=&#8221;4.27.4&#8243; _module_preset=&#8221;default&#8221; text_font=&#8221;Mistral||||||||&#8221; text_text_color=&#8221;#FFFFFF&#8221; text_font_size=&#8221;100px&#8221; global_colors_info=&#8221;{}&#8221;]<\/p>\n<p>Souren<\/p>\n<p>[\/et_pb_text][et_pb_text _builder_version=&#8221;4.27.4&#8243; _module_preset=&#8221;default&#8221; text_font=&#8221;Poppins||||||||&#8221; text_text_color=&#8221;#FFFFFF&#8221; text_font_size=&#8221;51px&#8221; text_letter_spacing=&#8221;10px&#8221; global_colors_info=&#8221;{}&#8221;]<\/p>\n<p>Mousavi<\/p>\n<p>[\/et_pb_text][\/et_pb_column][\/et_pb_row][\/et_pb_section][et_pb_section fb_built=&#8221;1&#8243; _builder_version=&#8221;4.27.4&#8243; _module_preset=&#8221;default&#8221; background_image=&#8221;https:\/\/artevivoglobal.com\/wp-content\/uploads\/2025\/09\/art-gallery-55.jpg&#8221; custom_padding=&#8221;104px||41px|||&#8221; locked=&#8221;off&#8221; global_colors_info=&#8221;{}&#8221;][et_pb_row _builder_version=&#8221;4.27.4&#8243; _module_preset=&#8221;default&#8221; global_colors_info=&#8221;{}&#8221;][et_pb_column type=&#8221;4_4&#8243; _builder_version=&#8221;4.27.4&#8243; _module_preset=&#8221;default&#8221; global_colors_info=&#8221;{}&#8221;][et_pb_shop type=&#8221;product_category&#8221; include_categories=&#8221;80&#8243; columns_number=&#8221;3&#8243; icon_hover_color=&#8221;#FFFFFF&#8221; hover_overlay_color=&#8221;rgba(2,15,63,0.41)&#8221; hover_icon=&#8221;&#x54;||divi||400&#8243; show_price=&#8221;off&#8221; _builder_version=&#8221;4.27.4&#8243; _module_preset=&#8221;default&#8221; title_font=&#8221;Mistral||||||||&#8221; title_text_align=&#8221;center&#8221; title_text_color=&#8221;#020F3F&#8221; title_font_size=&#8221;24px&#8221; hover_enabled=&#8221;0&#8243; border_width_all_image=&#8221;2px&#8221; border_color_all_image=&#8221;#020F3F&#8221; box_shadow_style_image=&#8221;preset1&#8243; box_shadow_spread_image=&#8221;-6px&#8221; global_colors_info=&#8221;{}&#8221; sticky_enabled=&#8221;0&#8243;][\/et_pb_shop][\/et_pb_column][\/et_pb_row][\/et_pb_section][et_pb_section fb_built=&#8221;1&#8243; _builder_version=&#8221;4.27.4&#8243; background_color=&#8221;#020F3F&#8221; background_image=&#8221;https:\/\/artevivoglobal.com\/wp-content\/uploads\/2025\/09\/Fondo_Lineas-scaled.png&#8221; custom_padding=&#8221;80px|0px|52px|0px|false|false&#8221; locked=&#8221;off&#8221; global_colors_info=&#8221;{}&#8221;][et_pb_row column_structure=&#8221;1_2,1_2&#8243; _builder_version=&#8221;4.16&#8243; custom_margin=&#8221;||&#8221; custom_padding=&#8221;27px|0px|27px|0px|true|false&#8221; global_colors_info=&#8221;{}&#8221;][et_pb_column type=&#8221;1_2&#8243; _builder_version=&#8221;4.16&#8243; custom_padding=&#8221;|||&#8221; global_colors_info=&#8221;{}&#8221; custom_padding__hover=&#8221;|||&#8221;][et_pb_text _builder_version=&#8221;4.27.4&#8243; text_font=&#8221;Mistral||||||||&#8221; text_text_color=&#8221;#5499D4&#8243; text_font_size=&#8221;16px&#8221; text_line_height=&#8221;1.8em&#8221; header_font=&#8221;Mistral|600|||||||&#8221; header_text_color=&#8221;#FFFFFF&#8221; header_font_size=&#8221;54px&#8221; header_line_height=&#8221;1.3em&#8221; header_font_size_tablet=&#8221;&#8221; header_font_size_phone=&#8221;25px&#8221; header_font_size_last_edited=&#8221;on|desktop&#8221; global_colors_info=&#8221;{}&#8221;]<\/p>\n<h1 class=\"mb-2 text-av-blue\">Souren Mousavi<\/h1>\n<p>[\/et_pb_text][et_pb_text _builder_version=&#8221;4.27.4&#8243; text_font=&#8221;Poppins|600||on|||||&#8221; text_text_color=&#8221;#FFFFFF&#8221; text_font_size=&#8221;15px&#8221; text_letter_spacing=&#8221;2px&#8221; text_line_height=&#8221;1em&#8221; header_font=&#8221;Nunito Sans|700|||||||&#8221; header_text_color=&#8221;#297FCA&#8221; header_line_height=&#8221;1.3em&#8221; custom_margin=&#8221;-31px||&#8221; global_colors_info=&#8221;{}&#8221;]<\/p>\n<p>painter<\/p>\n<p>[\/et_pb_text][et_pb_text _builder_version=&#8221;4.27.4&#8243; text_font=&#8221;Poppins|300|||||||&#8221; text_text_color=&#8221;#FFFFFF&#8221; text_font_size=&#8221;15px&#8221; text_line_height=&#8221;1.8em&#8221; header_font=&#8221;Nunito Sans|700|||||||&#8221; header_text_color=&#8221;#297FCA&#8221; header_line_height=&#8221;1.3em&#8221; max_width=&#8221;92%&#8221; max_width_tablet=&#8221;&#8221; max_width_phone=&#8221;99%&#8221; max_width_last_edited=&#8221;on|desktop&#8221; global_colors_info=&#8221;{}&#8221;]<\/p>\n<p data-start=\"83\" data-end=\"646\" style=\"text-align: justify;\">La obra de <strong>Souren<\/strong> parte siempre del dibujo y se nutre de la representaci\u00f3n de la mujer como s\u00edmbolo de belleza, fuerza, naturaleza, compasi\u00f3n, poder y vulnerabilidad, reflejando tambi\u00e9n su propia identidad. Su arte abarca acuarelas, \u00f3leos y acr\u00edlicos en los que predominan colores vivos e im\u00e1genes que celebran la libertad, el orgullo y la conexi\u00f3n con la naturaleza. Ha expuesto en Europa, Medio Oriente, Lejano Oriente y Estados Unidos, utilizando el arte como un lenguaje universal capaz de comunicar con el mundo y, como ella misma afirma, salvarle la vida.<\/p>\n<p data-start=\"648\" data-end=\"1350\" style=\"text-align: justify;\">Su estilo explora emociones profundas inspiradas en su experiencia de vida, su b\u00fasqueda de seguridad y libertad, as\u00ed como en su herencia cultural y mirada femenina. Sus obras alternan la exaltaci\u00f3n de la dignidad del cuerpo femenino con piezas oscuras que denuncian la negaci\u00f3n de esa misma dignidad. La memoria de la historia persa impregna sus lienzos, donde pasado, presente y futuro se entrelazan hasta materializarse en formas, colores y figuras que evocan silenciosamente emociones. Cada pintura es un viaje de mente, cuerpo y esp\u00edritu hacia la paz y la independencia, combinando suavidad y fuerza, inocencia y regeneraci\u00f3n, siempre desafiando al espectador con un relato cada vez m\u00e1s profundo.<\/p>\n<p>[\/et_pb_text][\/et_pb_column][et_pb_column type=&#8221;1_2&#8243; _builder_version=&#8221;4.16&#8243; custom_padding=&#8221;|||&#8221; global_colors_info=&#8221;{}&#8221; custom_padding__hover=&#8221;|||&#8221;][et_pb_divider show_divider=&#8221;off&#8221; _builder_version=&#8221;4.27.4&#8243; background_image=&#8221;https:\/\/artevivoglobal.com\/wp-content\/uploads\/2025\/10\/Souren-Mousavi.png&#8221; background_position=&#8221;top_right&#8221; background_horizontal_offset=&#8221;59%&#8221; custom_margin=&#8221;165px|||||&#8221; custom_padding=&#8221;238px||238px||true&#8221; global_colors_info=&#8221;{}&#8221;][\/et_pb_divider][et_pb_social_media_follow _builder_version=&#8221;4.16&#8243; background_color=&#8221;#5b5b5b&#8221; z_index=&#8221;9999&#8243; text_orientation=&#8221;center&#8221; max_width=&#8221;70px&#8221; custom_margin=&#8221;-327px|||-33px&#8221; custom_padding=&#8221;25px|19px|18px|19px||true&#8221; global_colors_info=&#8221;{}&#8221;][et_pb_social_media_follow_network social_network=&#8221;facebook&#8221; _builder_version=&#8221;4.16&#8243; custom_margin=&#8221;|||||false&#8221; custom_padding=&#8221;||||true&#8221; global_colors_info=&#8221;{}&#8221; follow_button=&#8221;off&#8221; url_new_window=&#8221;on&#8221;]facebook[\/et_pb_social_media_follow_network][et_pb_social_media_follow_network social_network=&#8221;twitter&#8221; _builder_version=&#8221;4.16&#8243; custom_margin=&#8221;|||||false&#8221; custom_padding=&#8221;||||true&#8221; global_colors_info=&#8221;{}&#8221; follow_button=&#8221;off&#8221; url_new_window=&#8221;on&#8221;]twitter[\/et_pb_social_media_follow_network][et_pb_social_media_follow_network social_network=&#8221;instagram&#8221; _builder_version=&#8221;4.16&#8243; custom_margin=&#8221;|||||false&#8221; custom_padding=&#8221;||||true&#8221; global_colors_info=&#8221;{}&#8221; follow_button=&#8221;off&#8221; url_new_window=&#8221;on&#8221;]instagram[\/et_pb_social_media_follow_network][et_pb_social_media_follow_network social_network=&#8221;youtube&#8221; _builder_version=&#8221;4.16&#8243; custom_margin=&#8221;|||||false&#8221; custom_padding=&#8221;||||true&#8221; global_colors_info=&#8221;{}&#8221; follow_button=&#8221;off&#8221; url_new_window=&#8221;on&#8221;]youtube[\/et_pb_social_media_follow_network][et_pb_social_media_follow_network social_network=&#8221;tumblr&#8221; _builder_version=&#8221;4.16&#8243; custom_margin=&#8221;|||||false&#8221; custom_padding=&#8221;||||true&#8221; global_colors_info=&#8221;{}&#8221; follow_button=&#8221;off&#8221; url_new_window=&#8221;on&#8221;]tumblr[\/et_pb_social_media_follow_network][\/et_pb_social_media_follow][\/et_pb_column][\/et_pb_row][\/et_pb_section][et_pb_section fb_built=&#8221;1&#8243; _builder_version=&#8221;4.27.4&#8243; _module_preset=&#8221;default&#8221; background_image=&#8221;https:\/\/artevivoglobal.com\/wp-content\/uploads\/2025\/09\/art-gallery-55.jpg&#8221; global_colors_info=&#8221;{}&#8221; locked=&#8221;off&#8221; theme_builder_area=&#8221;post_content&#8221;][et_pb_row _builder_version=&#8221;4.27.4&#8243; _module_preset=&#8221;default&#8221; global_colors_info=&#8221;{}&#8221; theme_builder_area=&#8221;post_content&#8221;][et_pb_column type=&#8221;4_4&#8243; _builder_version=&#8221;4.27.4&#8243; _module_preset=&#8221;default&#8221; global_colors_info=&#8221;{}&#8221; theme_builder_area=&#8221;post_content&#8221;][et_pb_text _builder_version=&#8221;4.27.4&#8243; _module_preset=&#8221;default&#8221; text_font=&#8221;Poppins||||||||&#8221; text_font_size=&#8221;20px&#8221; text_letter_spacing=&#8221;5px&#8221; text_orientation=&#8221;center&#8221; global_colors_info=&#8221;{}&#8221; theme_builder_area=&#8221;post_content&#8221;]<\/p>\n<p>We put at your disposal<strong data-start=\"210\" data-end=\"262\"> numbered gicl\u00e9e of some artists<\/strong>, carefully selected. These works, also known as <em data-start=\"332\" data-end=\"340\">prints<\/em>, forman parte de una <strong data-start=\"362\" data-end=\"382\">limited edition<\/strong>, which guarantees its authenticity and exclusivity. Once the series is sold out, it will no longer be produced.<\/p>\n<p>[\/et_pb_text][\/et_pb_column][\/et_pb_row][\/et_pb_section]<\/p>","protected":false},"excerpt":{"rendered":"<p>SourenMousaviSouren MousaviPintorLa obra de Souren parte siempre del dibujo y se nutre de la representaci\u00f3n de la mujer como s\u00edmbolo de belleza, fuerza, naturaleza, compasi\u00f3n, poder y vulnerabilidad, reflejando tambi\u00e9n su propia identidad. Su arte abarca acuarelas, \u00f3leos y acr\u00edlicos en los que predominan colores vivos e im\u00e1genes que celebran la libertad, el orgullo y la conexi\u00f3n con la naturaleza. Ha expuesto en Europa, Medio Oriente, Lejano Oriente y Estados Unidos, utilizando el arte como un lenguaje universal capaz de comunicar con el mundo y, como ella misma afirma, salvarle la vida. Su estilo explora emociones profundas inspiradas en su experiencia de vida, su b\u00fasqueda de seguridad y libertad, as\u00ed como en su herencia cultural y mirada femenina. Sus obras alternan la exaltaci\u00f3n de la dignidad del cuerpo femenino con piezas oscuras que denuncian la negaci\u00f3n de esa misma dignidad. La memoria de la historia persa impregna sus lienzos, donde pasado, presente y futuro se entrelazan hasta materializarse en formas, colores y figuras que evocan silenciosamente emociones. Cada pintura es un viaje de mente, cuerpo y esp\u00edritu hacia la paz y la independencia, combinando suavidad y fuerza, inocencia y regeneraci\u00f3n, siempre desafiando al espectador con un relato cada vez m\u00e1s [&hellip;]<\/p>","protected":false},"author":1,"featured_media":0,"parent":0,"menu_order":0,"comment_status":"closed","ping_status":"closed","template":"","meta":{"_et_pb_use_builder":"on","_et_pb_old_content":"","_et_gb_content_width":"","footnotes":""},"class_list":["post-72868","page","type-page","status-publish","hentry"],"_links":{"self":[{"href":"https:\/\/artevivoglobal.com\/en\/wp-json\/wp\/v2\/pages\/72868","targetHints":{"allow":["GET"]}}],"collection":[{"href":"https:\/\/artevivoglobal.com\/en\/wp-json\/wp\/v2\/pages"}],"about":[{"href":"https:\/\/artevivoglobal.com\/en\/wp-json\/wp\/v2\/types\/page"}],"author":[{"embeddable":true,"href":"https:\/\/artevivoglobal.com\/en\/wp-json\/wp\/v2\/users\/1"}],"replies":[{"embeddable":true,"href":"https:\/\/artevivoglobal.com\/en\/wp-json\/wp\/v2\/comments?post=72868"}],"version-history":[{"count":8,"href":"https:\/\/artevivoglobal.com\/en\/wp-json\/wp\/v2\/pages\/72868\/revisions"}],"predecessor-version":[{"id":72906,"href":"https:\/\/artevivoglobal.com\/en\/wp-json\/wp\/v2\/pages\/72868\/revisions\/72906"}],"wp:attachment":[{"href":"https:\/\/artevivoglobal.com\/en\/wp-json\/wp\/v2\/media?parent=72868"}],"curies":[{"name":"wp","href":"https:\/\/api.w.org\/{rel}","templated":true}]}}