{"id":130,"date":"2025-09-08T23:34:17","date_gmt":"2025-09-08T23:34:17","guid":{"rendered":"https:\/\/artevivoglobal.sprenderstudio.com\/?page_id=130"},"modified":"2025-10-04T00:00:19","modified_gmt":"2025-10-04T00:00:19","slug":"experiences","status":"publish","type":"page","link":"https:\/\/artevivoglobal.com\/en\/experiences\/","title":{"rendered":"Experiences"},"content":{"rendered":"<p>[et_pb_section fb_built=&#8221;1&#8243; _builder_version=&#8221;4.27.4&#8243; background_color=&#8221;#020F3F&#8221; background_image=&#8221;https:\/\/artevivoglobal.com\/wp-content\/uploads\/2025\/09\/Fondo_Lineas-scaled.png&#8221; custom_padding=&#8221;130px||130px||true|&#8221; global_colors_info=&#8221;{}&#8221;][et_pb_row column_structure=&#8221;1_2,1_2&#8243; use_custom_gutter=&#8221;on&#8221; gutter_width=&#8221;2&#8243; make_equal=&#8221;on&#8221; _builder_version=&#8221;4.16&#8243; width=&#8221;90%&#8221; width_tablet=&#8221;90%&#8221; width_phone=&#8221;90%&#8221; width_last_edited=&#8221;on|phone&#8221; max_width_tablet=&#8221;90%&#8221; max_width_phone=&#8221;90%&#8221; max_width_last_edited=&#8221;off|desktop&#8221; custom_padding=&#8221;0px||0px||true|false&#8221; global_colors_info=&#8221;{}&#8221;][et_pb_column type=&#8221;1_2&#8243; _builder_version=&#8221;4.16&#8243; global_colors_info=&#8221;{}&#8221;][et_pb_text _builder_version=&#8221;4.27.4&#8243; text_font=&#8221;Mistral||||||||&#8221; header_font=&#8221;Mistral||||||||&#8221; header_text_align=&#8221;left&#8221; header_text_color=&#8221;#ffffff&#8221; header_font_size=&#8221;61px&#8221; header_letter_spacing=&#8221;-1.56px&#8221; header_line_height=&#8221;1.2em&#8221; max_width=&#8221;500px&#8221; custom_margin=&#8221;89px|||||&#8221; custom_padding=&#8221;||0px|||&#8221; header_font_size_tablet=&#8221;&#8221; header_font_size_phone=&#8221;35px&#8221; header_font_size_last_edited=&#8221;on|phone&#8221; header_line_height_phone=&#8221;1.1em&#8221; header_line_height_last_edited=&#8221;off|desktop&#8221; global_colors_info=&#8221;{}&#8221;]<\/p>\n<h1>Artevivo Experiences<\/h1>\n<p>[\/et_pb_text][et_pb_text _builder_version=&#8221;4.27.4&#8243; text_font=&#8221;Poppins|300|||||||&#8221; text_text_color=&#8221;#ffffff&#8221; text_font_size=&#8221;20px&#8221; text_line_height=&#8221;1em&#8221; header_font=&#8221;Poppins||||||||&#8221; max_width=&#8221;451px&#8221; module_alignment=&#8221;left&#8221; custom_margin=&#8221;-26px||||false|false&#8221; custom_margin_tablet=&#8221;-21px||||false|false&#8221; custom_margin_phone=&#8221;-19px||||false|false&#8221; custom_margin_last_edited=&#8221;on|phone&#8221; global_colors_info=&#8221;{}&#8221;]<\/p>\n<p>Enjoy yourself, learn and discover.<\/p>\n<p>[\/et_pb_text][\/et_pb_column][et_pb_column type=&#8221;1_2&#8243; _builder_version=&#8221;4.16&#8243; global_colors_info=&#8221;{}&#8221;][et_pb_video src=&#8221;https:\/\/artevivoglobal.com\/wp-content\/uploads\/2025\/09\/Apertura-Gallery-Night.mp4&#8243; _builder_version=&#8221;4.27.4&#8243; _module_preset=&#8221;default&#8221; box_shadow_style=&#8221;preset4&#8243; box_shadow_color=&#8221;#D3D7E7&#8243; global_colors_info=&#8221;{}&#8221;][\/et_pb_video][\/et_pb_column][\/et_pb_row][\/et_pb_section][et_pb_section fb_built=&#8221;1&#8243; _builder_version=&#8221;4.27.4&#8243; _module_preset=&#8221;default&#8221; background_image=&#8221;https:\/\/artevivoglobal.com\/wp-content\/uploads\/2025\/09\/art-gallery-55.jpg&#8221; custom_padding=&#8221;34px||41px|||&#8221; global_colors_info=&#8221;{}&#8221;][et_pb_row column_structure=&#8221;1_3,1_3,1_3&#8243; _builder_version=&#8221;4.27.4&#8243; _module_preset=&#8221;default&#8221; width=&#8221;55%&#8221; max_width=&#8221;55%&#8221; locked=&#8221;off&#8221; global_colors_info=&#8221;{}&#8221;][et_pb_column type=&#8221;1_3&#8243; _builder_version=&#8221;4.27.4&#8243; _module_preset=&#8221;default&#8221; global_colors_info=&#8221;{}&#8221;][et_pb_image src=&#8221;https:\/\/artevivoglobal.com\/wp-content\/uploads\/2025\/09\/1-valentines-day.gif&#8221; title_text=&#8221;1-valentines day&#8221; align=&#8221;center&#8221; _builder_version=&#8221;4.27.4&#8243; _module_preset=&#8221;default&#8221; width=&#8221;35%&#8221; max_width=&#8221;35%&#8221; global_colors_info=&#8221;{}&#8221;][\/et_pb_image][et_pb_text _builder_version=&#8221;4.27.4&#8243; _module_preset=&#8221;default&#8221; text_font=&#8221;Mistral|300|||||||&#8221; text_text_color=&#8221;#020F3F&#8221; text_font_size=&#8221;32px&#8221; header_font=&#8221;Mistral||||||||&#8221; header_font_size=&#8221;31px&#8221; text_orientation=&#8221;center&#8221; global_colors_info=&#8221;{}&#8221;]<\/p>\n<p class=\"elementor-icon-box-title\"><span>For all audiences<\/span><\/p>\n<p>[\/et_pb_text][\/et_pb_column][et_pb_column type=&#8221;1_3&#8243; _builder_version=&#8221;4.27.4&#8243; _module_preset=&#8221;default&#8221; global_colors_info=&#8221;{}&#8221;][et_pb_image src=&#8221;https:\/\/artevivoglobal.com\/wp-content\/uploads\/2025\/09\/12-Earth.gif&#8221; title_text=&#8221;12 Earth&#8221; align=&#8221;center&#8221; _builder_version=&#8221;4.27.4&#8243; _module_preset=&#8221;default&#8221; width=&#8221;35%&#8221; max_width=&#8221;35%&#8221; locked=&#8221;off&#8221; global_colors_info=&#8221;{}&#8221;][\/et_pb_image][et_pb_text _builder_version=&#8221;4.27.4&#8243; _module_preset=&#8221;default&#8221; text_font=&#8221;Mistral|300|||||||&#8221; text_text_color=&#8221;#020F3F&#8221; text_font_size=&#8221;32px&#8221; header_font=&#8221;Mistral||||||||&#8221; text_orientation=&#8221;center&#8221; locked=&#8221;off&#8221; global_colors_info=&#8221;{}&#8221;]<\/p>\n<p class=\"elementor-icon-box-title\"><span>All over the world<\/span><\/p>\n<p>[\/et_pb_text][\/et_pb_column][et_pb_column type=&#8221;1_3&#8243; _builder_version=&#8221;4.27.4&#8243; _module_preset=&#8221;default&#8221; global_colors_info=&#8221;{}&#8221;][et_pb_image src=&#8221;https:\/\/artevivoglobal.com\/wp-content\/uploads\/2025\/09\/3.gif&#8221; title_text=&#8221;-_3&#8243; align=&#8221;center&#8221; _builder_version=&#8221;4.27.4&#8243; _module_preset=&#8221;default&#8221; width=&#8221;34%&#8221; max_width=&#8221;35%&#8221; locked=&#8221;off&#8221; global_colors_info=&#8221;{}&#8221;][\/et_pb_image][et_pb_text _builder_version=&#8221;4.27.4&#8243; _module_preset=&#8221;default&#8221; text_font=&#8221;Mistral||||||||&#8221; text_text_color=&#8221;#020F3F&#8221; text_font_size=&#8221;32px&#8221; text_orientation=&#8221;center&#8221; locked=&#8221;off&#8221; global_colors_info=&#8221;{}&#8221;]<\/p>\n<p class=\"elementor-icon-box-title\"><span>With a sustainable outlook<\/span><\/p>\n<p>[\/et_pb_text][\/et_pb_column][\/et_pb_row][\/et_pb_section][et_pb_section fb_built=&#8221;1&#8243; _builder_version=&#8221;4.27.4&#8243; _module_preset=&#8221;default&#8221; background_image=&#8221;https:\/\/artevivoglobal.com\/wp-content\/uploads\/2025\/09\/art-gallery-55.jpg&#8221; custom_padding=&#8221;30px|||||&#8221; global_colors_info=&#8221;{}&#8221;][et_pb_row column_structure=&#8221;1_2,1_2&#8243; _builder_version=&#8221;4.27.4&#8243; _module_preset=&#8221;default&#8221; locked=&#8221;off&#8221; global_colors_info=&#8221;{}&#8221;][et_pb_column type=&#8221;1_2&#8243; _builder_version=&#8221;4.27.4&#8243; _module_preset=&#8221;default&#8221; global_colors_info=&#8221;{}&#8221;][et_pb_text _builder_version=&#8221;4.27.4&#8243; _module_preset=&#8221;default&#8221; text_font=&#8221;Poppins|300|||||||&#8221; header_font=&#8221;||||||||&#8221; header_2_font=&#8221;Mistral|500|||||||&#8221; header_2_font_size=&#8221;51px&#8221; header_3_font=&#8221;Poppins|600||on|||||&#8221; header_3_text_color=&#8221;rgba(0,0,0,0.35)&#8221; header_3_font_size=&#8221;12px&#8221; header_3_letter_spacing=&#8221;5px&#8221; header_3_line_height=&#8221;2em&#8221; transform_translate_linked=&#8221;off&#8221; max_width=&#8221;700px&#8221; module_alignment=&#8221;center&#8221; custom_margin=&#8221;||6px|||&#8221; header_2_font_size_tablet=&#8221;40px&#8221; header_2_font_size_phone=&#8221;26px&#8221; header_2_font_size_last_edited=&#8221;on|phone&#8221; global_colors_info=&#8221;{}&#8221;]<\/p>\n<div class=\"elementor-element elementor-element-f82cba5 elementor-widget elementor-widget-heading\" data-id=\"f82cba5\" data-element_type=\"widget\" data-widget_type=\"heading.default\">\n<div class=\"elementor-widget-container\">\n<h3 class=\"elementor-heading-title elementor-size-default\">Gables Gallery Night<\/h3>\n<\/div>\n<\/div>\n<div class=\"elementor-element elementor-element-1e1cca1 elementor-widget-mobile__width-initial elementor-widget elementor-widget-heading\" data-id=\"1e1cca1\" data-element_type=\"widget\" data-widget_type=\"heading.default\">\n<div class=\"elementor-widget-container\">\n<h2 class=\"elementor-heading-title elementor-size-default\">Acomp\u00e1\u00f1anos en noches repletas de arte.<\/h2>\n<\/div>\n<\/div>\n<div class=\"elementor-element elementor-element-5958c97 elementor-widget elementor-widget-text-editor\" data-id=\"5958c97\" data-element_type=\"widget\" data-widget_type=\"text-editor.default\">\n<div class=\"elementor-widget-container\">\n<p>very first Friday of the month we join the Gallery Night at<span>\u00a0<\/span><b>The Plaza Coral Gables<\/b>. Open to anyone looking to experience art in a different way and have fun with us.<\/p>\n<\/div>\n<\/div>\n<p>[\/et_pb_text][et_pb_blurb title=&#8221;Palermo 111, The Plaza, Coral Gables, 33134  &#8221; use_icon=&#8221;on&#8221; font_icon=&#8221;&#xe01d;||divi||400&#8243; icon_color=&#8221;#020F3F&#8221; icon_placement=&#8221;left&#8221; image_icon_width=&#8221;22px&#8221; _builder_version=&#8221;4.27.4&#8243; _module_preset=&#8221;default&#8221; header_font=&#8221;Poppins||||||||&#8221; header_font_size=&#8221;13px&#8221; image_icon_custom_margin=&#8221;-3px|||12px|false|false&#8221; custom_margin=&#8221;19px||12px|||&#8221; global_colors_info=&#8221;{}&#8221;][\/et_pb_blurb][et_pb_blurb title=&#8221;1er viernes de cada mes&#8221; use_icon=&#8221;on&#8221; font_icon=&#8221;&#xe023;||divi||400&#8243; icon_color=&#8221;#020F3F&#8221; icon_placement=&#8221;left&#8221; image_icon_width=&#8221;22px&#8221; _builder_version=&#8221;4.27.4&#8243; _module_preset=&#8221;default&#8221; header_font=&#8221;Poppins||||||||&#8221; header_font_size=&#8221;13px&#8221; image_icon_custom_margin=&#8221;-3px|||12px|false|false&#8221; custom_margin=&#8221;3px||11px|||&#8221; global_colors_info=&#8221;{}&#8221;][\/et_pb_blurb][et_pb_blurb title=&#8221;De 6 a 10 p.m.&#8221; use_icon=&#8221;on&#8221; font_icon=&#8221;&#xf017;||fa||400&#8243; icon_color=&#8221;#020F3F&#8221; icon_placement=&#8221;left&#8221; image_icon_width=&#8221;22px&#8221; _builder_version=&#8221;4.27.4&#8243; _module_preset=&#8221;default&#8221; header_font=&#8221;Poppins||||||||&#8221; header_font_size=&#8221;13px&#8221; image_icon_custom_margin=&#8221;-3px|||12px|false|false&#8221; custom_margin=&#8221;3px|||||&#8221; global_colors_info=&#8221;{}&#8221;][\/et_pb_blurb][\/et_pb_column][et_pb_column type=&#8221;1_2&#8243; _builder_version=&#8221;4.27.4&#8243; _module_preset=&#8221;default&#8221; global_colors_info=&#8221;{}&#8221;][et_pb_image src=&#8221;https:\/\/artevivoglobal.com\/wp-content\/uploads\/2025\/09\/EDY4620-1-2048&#215;1365-1.jpg&#8221; title_text=&#8221;EDY4620-1-2048&#215;1365&#8243; align=&#8221;center&#8221; _builder_version=&#8221;4.27.4&#8243; border_width_all=&#8221;20px&#8221; border_color_all=&#8221;#ffffff&#8221; border_width_all_last_edited=&#8221;off|desktop&#8221; box_shadow_style=&#8221;preset4&#8243; box_shadow_horizontal=&#8221;0px&#8221; box_shadow_vertical=&#8221;0px&#8221; box_shadow_spread=&#8221;1px&#8221; box_shadow_color=&#8221;rgba(0,0,0,0.34)&#8221; global_colors_info=&#8221;{}&#8221; box_shadow_color__hover_enabled=&#8221;on&#8221; box_shadow_color__hover=&#8221;#000000&#8243; border_width_all__hover=&#8221;30px&#8221; border_width_all__hover_enabled=&#8221;on&#8221;][\/et_pb_image][\/et_pb_column][\/et_pb_row][\/et_pb_section][et_pb_section fb_built=&#8221;1&#8243; _builder_version=&#8221;4.27.4&#8243; _module_preset=&#8221;default&#8221; custom_padding=&#8221;39px|||||&#8221; global_colors_info=&#8221;{}&#8221;][et_pb_row _builder_version=&#8221;4.27.4&#8243; _module_preset=&#8221;default&#8221; global_colors_info=&#8221;{}&#8221;][et_pb_column type=&#8221;4_4&#8243; _builder_version=&#8221;4.27.4&#8243; _module_preset=&#8221;default&#8221; global_colors_info=&#8221;{}&#8221;][dsm_content_timeline dsm_tree_animation=&#8221;on&#8221; dsm_pointer_bg_color=&#8221;#020F3F&#8221; dsm_pointer_active_bg_color=&#8221;#D3D7E7&#8243; dsm_pointer_icon_color=&#8221;#D3D7E7&#8243; dsm_tree_bg_color=&#8221;#D3D7E7&#8243; dsm_tree_active_bg_color=&#8221;#020F3F&#8221; _builder_version=&#8221;4.27.4&#8243; _module_preset=&#8221;default&#8221; hover_enabled=&#8221;0&#8243; global_colors_info=&#8221;{}&#8221; sticky_enabled=&#8221;0&#8243;][dsm_content_timeline_child dsm_image=&#8221;https:\/\/artevivoglobal.com\/wp-content\/uploads\/2025\/10\/blog01.png&#8221; title_text=&#8221;Blog01&#8243; dsm_title=&#8221;Gables Gallery Night: mes de la Tierra&#8221; button_url=&#8221;@ET-DC@eyJkeW5hbWljIjp0cnVlLCJjb250ZW50IjoicG9zdF9saW5rX3VybF9wb3N0Iiwic2V0dGluZ3MiOnsicG9zdF9pZCI6IjEifX0=@&#8221; _builder_version=&#8221;4.27.4&#8243; _dynamic_attributes=&#8221;button_url&#8221; _module_preset=&#8221;default&#8221; header_font=&#8221;Mistral||||||||&#8221; header_text_color=&#8221;#020F3F&#8221; header_font_size=&#8221;34px&#8221; hover_enabled=&#8221;0&#8243; global_colors_info=&#8221;{}&#8221; parent_header_level=&#8221;h4&#8243; button_text=&#8221;Ver m\u00e1s&#8221; custom_button=&#8221;on&#8221; button_text_color=&#8221;#020F3F&#8221; button_text_size=&#8221;12px&#8221; sticky_enabled=&#8221;0&#8243;][\/dsm_content_timeline_child][dsm_content_timeline_child dsm_image=&#8221;https:\/\/artevivoglobal.com\/wp-content\/uploads\/2025\/10\/blog03.png&#8221; title_text=&#8221;blog03&#8243; dsm_title=&#8221;Gables Gallery Night: %22Agua%22 por Eva Fern\u00e1ndez&#8221; button_url=&#8221;@ET-DC@eyJkeW5hbWljIjp0cnVlLCJjb250ZW50IjoicG9zdF9saW5rX3VybF9wb3N0Iiwic2V0dGluZ3MiOnsicG9zdF9pZCI6IjcyMjI3In19@&#8221; _builder_version=&#8221;4.27.4&#8243; _dynamic_attributes=&#8221;button_url&#8221; _module_preset=&#8221;default&#8221; header_font=&#8221;Mistral||||||||&#8221; header_font_size=&#8221;34px&#8221; global_colors_info=&#8221;{}&#8221; parent_header_level=&#8221;h4&#8243; header_text_color=&#8221;#020F3F&#8221; custom_button=&#8221;on&#8221; button_text_color=&#8221;#020F3F&#8221; button_text_size=&#8221;12px&#8221; button_text=&#8221;Ver m\u00e1s&#8221; hover_enabled=&#8221;0&#8243; sticky_enabled=&#8221;0&#8243;][\/dsm_content_timeline_child][dsm_content_timeline_child dsm_image=&#8221;https:\/\/artevivoglobal.com\/wp-content\/uploads\/2025\/10\/blog02.png&#8221; title_text=&#8221;Blog02&#8243; dsm_title=&#8221;Exhibici\u00f3n %22Delirios Abisales%22 por Ermilo Espinosa en el MUSA&#8221; button_url=&#8221;@ET-DC@eyJkeW5hbWljIjp0cnVlLCJjb250ZW50IjoicG9zdF9saW5rX3VybF9wb3N0Iiwic2V0dGluZ3MiOnsicG9zdF9pZCI6IjcyMjMxIn19@&#8221; _builder_version=&#8221;4.27.4&#8243; _dynamic_attributes=&#8221;button_url&#8221; _module_preset=&#8221;default&#8221; header_font=&#8221;Mistral||||||||&#8221; header_text_color=&#8221;#020F3F&#8221; header_font_size=&#8221;34px&#8221; global_colors_info=&#8221;{}&#8221; parent_header_level=&#8221;h4&#8243; custom_button=&#8221;on&#8221; button_text_color=&#8221;#020F3F&#8221; button_text_size=&#8221;12px&#8221; button_text=&#8221;Ver M\u00e1s&#8221; hover_enabled=&#8221;0&#8243; sticky_enabled=&#8221;0&#8243;][\/dsm_content_timeline_child][\/dsm_content_timeline][\/et_pb_column][\/et_pb_row][\/et_pb_section]<\/p>","protected":false},"excerpt":{"rendered":"<p>Artevivo ExperiencesDivi\u00e9rtete, Aprender y conoce.Para todo p\u00fablicoEn todo el mundoCon mirada sustentable Gables Gallery Night Acomp\u00e1\u00f1anos en noches repletas de arte. Cada primer viernes del mes nos unimos a la Gallery Night en\u00a0The Plaza Coral Gables. Abierto a todo aquel que busque experimentar de una forma distinta el arte y divertirse junto a nosotros. <div class=\"et_pb_module dsm_content_timeline dsm_content_timeline_0\">\n\t\t\t\t\n\t\t\t\t\n\t\t\t\t\n\t\t\t\t\n\t\t\t\t\n\t\t\t\t\n\t\t\t\t<div class=\"et_pb_module_inner\">\n\t\t\t\t\t<div class=\"dsm-content-timeline-items-wrapper dsm-center\" data-tree-animation=\"on\" data-tree-animation-tablet=\"\" data-tree-animation-phone=\"\" data-image_lightbox=\"off\">\n\t\t\t<div class=\"dsm-content-timeline-tree\">\n\t\t\t\t<div class=\"dsm-content-timeline-tree-progress\"><\/div>\n\t\t\t<\/div>\n\t\t   <div class=\"dsm-content-timeline-item-wrapper dsm_content_timeline_child_0\">\n\t\t\t\t\n\t\t\t\t<div class=\"dsm-content-timeline-content-wrapper dsm_wrapper_dsm_content_timeline_child_0 dsm-visibility\">   \t\t\n\t\t\t\t\t\n\t\t\t\t\t<div class=\"dsm-image-wrapper\"><div class=\"dsm-image\"><img decoding=\"async\" src=\"https:\/\/artevivoglobal.com\/wp-content\/uploads\/2025\/10\/blog01.png\" alt=\"\" title=\"Blog01\" srcset=\"https:\/\/artevivoglobal.com\/wp-content\/uploads\/2025\/10\/blog01.png 960w, https:\/\/artevivoglobal.com\/wp-content\/uploads\/2025\/10\/blog01-480x360.png 480w\" sizes=\"(min-width: 0px) and (max-width: 480px) 480px, (min-width: 481px) 960px, 100vw\" \/><\/div><\/div>\n\t\t\t\t\t\n\t\t\t\t\t<div class=\"dsm-timeline-content\">\n\t\t\t\t\t\t<h4 class=\"dsm-title\">Gables Gallery Night: Earth Month<\/h4>\n\t\t\t\t\t\t\n\t\t\t\t\t\t\n\t\t\t\t\t\t<div class=\"et_pb_button_wrapper\"><a class=\"et_pb_button dsm_button\" href=\"\">See more<\/a><\/div>\n\t\t\t\t\t<\/div>\t\n\t\t\t\t<\/div>\n\t\t\t\t<div class=\"dsm-pointer-wrapper\">\n\t\t\t\t\t\n\t\t\t\t\t\n\t\t\t\t<\/div>\n\t\t\t<\/div><div class=\"dsm-content-timeline-item-wrapper dsm_content_timeline_child_1\">\n\t\t\t\t\n\t\t\t\t<div class=\"dsm-content-timeline-content-wrapper dsm_wrapper_dsm_content_timeline_child_1 dsm-visibility\">   \t\t\n\t\t\t\t\t\n\t\t\t\t\t<div class=\"dsm-image-wrapper\"><div class=\"dsm-image\"><img decoding=\"async\" src=\"https:\/\/artevivoglobal.com\/wp-content\/uploads\/2025\/10\/blog03.png\" alt=\"\" title=\"blog03\" srcset=\"https:\/\/artevivoglobal.com\/wp-content\/uploads\/2025\/10\/blog03.png 960w, https:\/\/artevivoglobal.com\/wp-content\/uploads\/2025\/10\/blog03-480x360.png 480w\" sizes=\"(min-width: 0px) and (max-width: 480px) 480px, (min-width: 481px) 960px, 100vw\" \/><\/div><\/div>\n\t\t\t\t\t\n\t\t\t\t\t<div class=\"dsm-timeline-content\">\n\t\t\t\t\t\t<h4 class=\"dsm-title\">Gables Gallery Night: \"Water\" by Eva Fernandez<\/h4>\n\t\t\t\t\t\t\n\t\t\t\t\t\t\n\t\t\t\t\t\t<div class=\"et_pb_button_wrapper\"><a class=\"et_pb_button dsm_button\" href=\"\">See more<\/a><\/div>\n\t\t\t\t\t<\/div>\t\n\t\t\t\t<\/div>\n\t\t\t\t<div class=\"dsm-pointer-wrapper\">\n\t\t\t\t\t\n\t\t\t\t\t\n\t\t\t\t<\/div>\n\t\t\t<\/div><div class=\"dsm-content-timeline-item-wrapper dsm_content_timeline_child_2\">\n\t\t\t\t\n\t\t\t\t<div class=\"dsm-content-timeline-content-wrapper dsm_wrapper_dsm_content_timeline_child_2 dsm-visibility\">   \t\t\n\t\t\t\t\t\n\t\t\t\t\t<div class=\"dsm-image-wrapper\"><div class=\"dsm-image\"><img decoding=\"async\" src=\"https:\/\/artevivoglobal.com\/wp-content\/uploads\/2025\/10\/blog02.png\" alt=\"\" title=\"Blog02\" srcset=\"https:\/\/artevivoglobal.com\/wp-content\/uploads\/2025\/10\/blog02.png 960w, https:\/\/artevivoglobal.com\/wp-content\/uploads\/2025\/10\/blog02-480x360.png 480w\" sizes=\"(min-width: 0px) and (max-width: 480px) 480px, (min-width: 481px) 960px, 100vw\" \/><\/div><\/div>\n\t\t\t\t\t\n\t\t\t\t\t<div class=\"dsm-timeline-content\">\n\t\t\t\t\t\t<h4 class=\"dsm-title\">Exhibition \"Delirios Abisales\" by Ermilo Espinosa at MUSA<\/h4>\n\t\t\t\t\t\t\n\t\t\t\t\t\t\n\t\t\t\t\t\t<div class=\"et_pb_button_wrapper\"><a class=\"et_pb_button dsm_button\" href=\"\">See more<\/a><\/div>\n\t\t\t\t\t<\/div>\t\n\t\t\t\t<\/div>\n\t\t\t\t<div class=\"dsm-pointer-wrapper\">\n\t\t\t\t\t\n\t\t\t\t\t\n\t\t\t\t<\/div>\n\t\t\t<\/div>\n\t\t<\/div>\n\t\t\n\t\t\t\t<\/div>\n\t\t\t<\/div><\/p>","protected":false},"author":1,"featured_media":0,"parent":0,"menu_order":0,"comment_status":"closed","ping_status":"closed","template":"","meta":{"_et_pb_use_builder":"on","_et_pb_old_content":"<!-- wp:divi\/placeholder \/-->","_et_gb_content_width":"","footnotes":""},"class_list":["post-130","page","type-page","status-publish","hentry"],"_links":{"self":[{"href":"https:\/\/artevivoglobal.com\/en\/wp-json\/wp\/v2\/pages\/130","targetHints":{"allow":["GET"]}}],"collection":[{"href":"https:\/\/artevivoglobal.com\/en\/wp-json\/wp\/v2\/pages"}],"about":[{"href":"https:\/\/artevivoglobal.com\/en\/wp-json\/wp\/v2\/types\/page"}],"author":[{"embeddable":true,"href":"https:\/\/artevivoglobal.com\/en\/wp-json\/wp\/v2\/users\/1"}],"replies":[{"embeddable":true,"href":"https:\/\/artevivoglobal.com\/en\/wp-json\/wp\/v2\/comments?post=130"}],"version-history":[{"count":19,"href":"https:\/\/artevivoglobal.com\/en\/wp-json\/wp\/v2\/pages\/130\/revisions"}],"predecessor-version":[{"id":72806,"href":"https:\/\/artevivoglobal.com\/en\/wp-json\/wp\/v2\/pages\/130\/revisions\/72806"}],"wp:attachment":[{"href":"https:\/\/artevivoglobal.com\/en\/wp-json\/wp\/v2\/media?parent=130"}],"curies":[{"name":"wp","href":"https:\/\/api.w.org\/{rel}","templated":true}]}}