{"id":127,"date":"2025-09-08T23:33:04","date_gmt":"2025-09-08T23:33:04","guid":{"rendered":"https:\/\/artevivoglobal.sprenderstudio.com\/?page_id=127"},"modified":"2025-09-29T18:53:51","modified_gmt":"2025-09-29T18:53:51","slug":"artevivo-moda","status":"publish","type":"page","link":"https:\/\/artevivoglobal.com\/en\/artevivo-moda\/","title":{"rendered":"Artevivo fashion"},"content":{"rendered":"<p>[et_pb_section fb_built=&#8221;1&#8243; _builder_version=&#8221;4.27.4&#8243; _module_preset=&#8221;default&#8221; background_color=&#8221;rgba(2,15,63,0.35)&#8221; background_image=&#8221;https:\/\/artevivoglobal.com\/wp-content\/uploads\/2025\/09\/ChatGPT-Image-17-sept-2025-11_27_53-a.m.png&#8221; background_position=&#8221;top_center&#8221; background_vertical_offset=&#8221;0%&#8221; background_blend=&#8221;overlay&#8221; min_height=&#8221;611px&#8221; custom_padding=&#8221;||216px|||&#8221; global_colors_info=&#8221;{}&#8221;][et_pb_row _builder_version=&#8221;4.27.4&#8243; _module_preset=&#8221;default&#8221; custom_margin=&#8221;135px|auto||auto||&#8221; global_colors_info=&#8221;{}&#8221;][et_pb_column type=&#8221;4_4&#8243; _builder_version=&#8221;4.27.4&#8243; _module_preset=&#8221;default&#8221; global_colors_info=&#8221;{}&#8221;][et_pb_text _builder_version=&#8221;4.27.4&#8243; _module_preset=&#8221;default&#8221; text_font=&#8221;Poppins||||||||&#8221; text_text_color=&#8221;#FFFFFF&#8221; text_font_size=&#8221;45px&#8221; text_line_height=&#8221;1em&#8221; header_font=&#8221;Mistral||||||||&#8221; header_text_color=&#8221;#FFFFFF&#8221; header_font_size=&#8221;100px&#8221; custom_margin=&#8221;||-17px|||&#8221; global_colors_info=&#8221;{}&#8221;]<\/p>\n<h1 class=\"elementor-heading-title elementor-size-default\">Capsule<\/h1>\n<p>[\/et_pb_text][et_pb_text _builder_version=&#8221;4.27.4&#8243; _module_preset=&#8221;default&#8221; text_font=&#8221;Poppins|600|||||||&#8221; text_text_color=&#8221;#FFFFFF&#8221; text_font_size=&#8221;35px&#8221; text_letter_spacing=&#8221;5px&#8221; text_line_height=&#8221;1em&#8221; global_colors_info=&#8221;{}&#8221;]<\/p>\n<p>Collection<\/p>\n<p>[\/et_pb_text][\/et_pb_column][\/et_pb_row][\/et_pb_section][et_pb_section fb_built=&#8221;1&#8243; _builder_version=&#8221;4.27.4&#8243; background_color=&#8221;#383838&#8243; background_image=&#8221;https:\/\/artevivoglobal.com\/wp-content\/uploads\/2025\/09\/art-gallery-55.jpg&#8221; custom_padding=&#8221;56px|0px|56px|0px|true|false&#8221; global_colors_info=&#8221;{}&#8221;][et_pb_row _builder_version=&#8221;4.16&#8243; global_colors_info=&#8221;{}&#8221;][et_pb_column type=&#8221;4_4&#8243; _builder_version=&#8221;4.16&#8243; custom_padding=&#8221;|||&#8221; global_colors_info=&#8221;{}&#8221; custom_padding__hover=&#8221;|||&#8221;][et_pb_text _builder_version=&#8221;4.27.4&#8243; text_font=&#8221;||||||||&#8221; text_text_color=&#8221;#020F3F&#8221; header_font=&#8221;||||||||&#8221; header_text_color=&#8221;#020F3F&#8221; header_2_font=&#8221;Mistral|500|||||||&#8221; header_2_text_color=&#8221;#020F3F&#8221; header_2_font_size=&#8221;93px&#8221; header_2_line_height=&#8221;1.3em&#8221; header_3_font=&#8221;Poppins|600||on|||||&#8221; header_3_text_color=&#8221;#020F3F&#8221; header_3_font_size=&#8221;12px&#8221; header_3_letter_spacing=&#8221;5px&#8221; transform_translate_linked=&#8221;off&#8221; text_orientation=&#8221;center&#8221; max_width=&#8221;700px&#8221; module_alignment=&#8221;center&#8221; custom_margin=&#8221;||2px|||&#8221; header_2_font_size_tablet=&#8221;40px&#8221; header_2_font_size_phone=&#8221;26px&#8221; header_2_font_size_last_edited=&#8221;on|phone&#8221; text_text_align=&#8221;center&#8221; locked=&#8221;off&#8221; global_colors_info=&#8221;{}&#8221;]<\/p>\n<h3>Discover our entire collection<\/h3>\n<h2 class=\"elementor-heading-title elementor-size-default\">Wear art<\/h2>\n<p>[\/et_pb_text][et_pb_text _builder_version=&#8221;4.27.4&#8243; _module_preset=&#8221;default&#8221; text_font=&#8221;Poppins||||||||&#8221; text_text_color=&#8221;#020F3F&#8221; text_line_height=&#8221;1em&#8221; global_colors_info=&#8221;{}&#8221;]<\/p>\n<p style=\"text-align: center;\">Not only can you admire it in a space,<span>\u00a0<\/span><b>you can be the gallery.<\/b><span>\u00a0<\/span>That's what the reinvented gallery is all about!<\/p>\n<p style=\"text-align: center;\">Artevivo moda invites you to<span>\u00a0<\/span><b>experience fashion as an artistic performance and feel incredible wherever you go<\/b>.<\/p>\n<p>[\/et_pb_text][\/et_pb_column][\/et_pb_row][et_pb_row column_structure=&#8221;1_2,1_2&#8243; use_custom_gutter=&#8221;on&#8221; gutter_width=&#8221;2&#8243; _builder_version=&#8221;4.27.4&#8243; custom_padding=&#8221;30px|0px|35px|0px|false|false&#8221; global_colors_info=&#8221;{}&#8221;][et_pb_column type=&#8221;1_2&#8243; _builder_version=&#8221;4.27.4&#8243; custom_padding=&#8221;|||&#8221; global_colors_info=&#8221;{}&#8221; custom_padding__hover=&#8221;|||&#8221;][et_pb_image src=&#8221;https:\/\/artevivoglobal.com\/wp-content\/uploads\/2025\/09\/Gorrra-R.jpg&#8221; title_text=&#8221;Gorrra R&#8221; align=&#8221;center&#8221; align_tablet=&#8221;center&#8221; align_phone=&#8221;&#8221; align_last_edited=&#8221;on|desktop&#8221; _builder_version=&#8221;4.27.4&#8243; border_width_all=&#8221;5px&#8221; border_color_all=&#8221;#020F3F&#8221; global_colors_info=&#8221;{}&#8221;][\/et_pb_image][et_pb_text _builder_version=&#8221;4.27.4&#8243; text_font=&#8221;Mistral||||||||&#8221; text_text_color=&#8221;#FFFFFF&#8221; text_font_size=&#8221;40px&#8221; text_line_height=&#8221;1.3em&#8221; background_color=&#8221;#020F3F&#8221; z_index=&#8221;9999999999&#8243; text_orientation=&#8221;center&#8221; max_width=&#8221;80%&#8221; module_alignment=&#8221;center&#8221; custom_margin=&#8221;-65px|||&#8221; custom_margin_tablet=&#8221;-78px||&#8221; custom_margin_phone=&#8221;-79px||&#8221; custom_margin_last_edited=&#8221;on|tablet&#8221; custom_padding=&#8221;33px||33px||true&#8221; hover_enabled=&#8221;0&#8243; border_color_top=&#8221;#ffffff&#8221; border_color_right=&#8221;#ffffff&#8221; border_color_bottom=&#8221;#ffffff&#8221; box_shadow_style=&#8221;preset1&#8243; box_shadow_horizontal=&#8221;1px&#8221; global_colors_info=&#8221;{}&#8221; link_option_url=&#8221;https:\/\/artevivoglobal.com\/index.php\/producto\/gorra-r\/&#8221; sticky_enabled=&#8221;0&#8243;]<\/p>\n<p>R Cap<\/p>\n<p>[\/et_pb_text][\/et_pb_column][et_pb_column type=&#8221;1_2&#8243; _builder_version=&#8221;4.16&#8243; custom_padding=&#8221;|||&#8221; global_colors_info=&#8221;{}&#8221; custom_padding__hover=&#8221;|||&#8221;][et_pb_image src=&#8221;https:\/\/artevivoglobal.com\/wp-content\/uploads\/2025\/09\/Playera_artevivo.jpg&#8221; title_text=&#8221;Playera_artevivo&#8221; align=&#8221;center&#8221; align_tablet=&#8221;center&#8221; align_phone=&#8221;&#8221; align_last_edited=&#8221;on|desktop&#8221; _builder_version=&#8221;4.27.4&#8243; border_width_all=&#8221;8px&#8221; border_color_all=&#8221;#020F3F&#8221; global_colors_info=&#8221;{}&#8221;][\/et_pb_image][et_pb_text _builder_version=&#8221;4.27.4&#8243; text_font=&#8221;Mistral||||||||&#8221; text_text_color=&#8221;#FFFFFF&#8221; text_font_size=&#8221;40px&#8221; text_line_height=&#8221;1.3em&#8221; background_color=&#8221;#020F3F&#8221; z_index=&#8221;9999999999&#8243; text_orientation=&#8221;center&#8221; max_width=&#8221;80%&#8221; module_alignment=&#8221;center&#8221; custom_margin=&#8221;-65px|||&#8221; custom_margin_tablet=&#8221;-78px||&#8221; custom_margin_phone=&#8221;-79px||&#8221; custom_margin_last_edited=&#8221;on|tablet&#8221; custom_padding=&#8221;33px||33px||true&#8221; hover_enabled=&#8221;0&#8243; border_color_top=&#8221;#ffffff&#8221; border_color_right=&#8221;#ffffff&#8221; border_color_bottom=&#8221;#ffffff&#8221; global_colors_info=&#8221;{}&#8221; link_option_url=&#8221;https:\/\/artevivoglobal.com\/index.php\/producto\/camisetas-serigrafia-artesanal\/&#8221; sticky_enabled=&#8221;0&#8243;]<\/p>\n<p><span style=\"font-weight: 400;\">Handcrafted screen printing<\/span><\/p>\n<p>[\/et_pb_text][\/et_pb_column][\/et_pb_row][\/et_pb_section]<\/p>","protected":false},"excerpt":{"rendered":"<p>CapsuleCollectionConoce toda nuestras Colecci\u00f3n Viste el arteNo solo puedes contemplarlo en un espacio,\u00a0se t\u00fa la galer\u00eda\u00a0\u00a1De eso se trata la galer\u00eda reinventada! Artevivo moda propone\u00a0experimentar la moda como una performance art\u00edstica y sentirte incre\u00edble a donde vayas.Gorrra RSerigraf\u00eda artesanal<\/p>","protected":false},"author":1,"featured_media":0,"parent":0,"menu_order":0,"comment_status":"closed","ping_status":"closed","template":"","meta":{"_et_pb_use_builder":"on","_et_pb_old_content":"<!-- wp:divi\/placeholder \/-->","_et_gb_content_width":"","footnotes":""},"class_list":["post-127","page","type-page","status-publish","hentry"],"_links":{"self":[{"href":"https:\/\/artevivoglobal.com\/en\/wp-json\/wp\/v2\/pages\/127","targetHints":{"allow":["GET"]}}],"collection":[{"href":"https:\/\/artevivoglobal.com\/en\/wp-json\/wp\/v2\/pages"}],"about":[{"href":"https:\/\/artevivoglobal.com\/en\/wp-json\/wp\/v2\/types\/page"}],"author":[{"embeddable":true,"href":"https:\/\/artevivoglobal.com\/en\/wp-json\/wp\/v2\/users\/1"}],"replies":[{"embeddable":true,"href":"https:\/\/artevivoglobal.com\/en\/wp-json\/wp\/v2\/comments?post=127"}],"version-history":[{"count":9,"href":"https:\/\/artevivoglobal.com\/en\/wp-json\/wp\/v2\/pages\/127\/revisions"}],"predecessor-version":[{"id":72609,"href":"https:\/\/artevivoglobal.com\/en\/wp-json\/wp\/v2\/pages\/127\/revisions\/72609"}],"wp:attachment":[{"href":"https:\/\/artevivoglobal.com\/en\/wp-json\/wp\/v2\/media?parent=127"}],"curies":[{"name":"wp","href":"https:\/\/api.w.org\/{rel}","templated":true}]}}